{"id":19262,"date":"2021-02-15T14:58:55","date_gmt":"2021-02-15T12:58:55","guid":{"rendered":"https:\/\/hookahshop.lt\/?post_type=product&#038;p=19262"},"modified":"2026-04-14T23:28:40","modified_gmt":"2026-04-14T20:28:40","slug":"anglys-kaljanui-tom-coco-26mm-2kg","status":"publish","type":"product","link":"https:\/\/hookahshop.lt\/et\/toode\/kivisusi-vesipiip-tom-kookos-26mm-2kg\/","title":{"rendered":"S\u00fcsi vesipiibule TOM COCO 26mm 2kg"},"content":{"rendered":"<h2>S\u00fcsi vesipiibule TOM COCO 26mm 2kg<\/h2>\n<p>TOM puus\u00fcsi on valmistatud kookoskoorest. Tootmismeetodi t\u00f5ttu on need s\u00f6ed eriti keskkonnas\u00f5bralikud. TOM kivis\u00fcsi mitte ainult ei p\u00f5le pikka aega, vaid j\u00e4tab ka v\u00e4ga v\u00e4he tuhka. Kivis\u00fcsi ei s\u00fctti iseenesest, seega on s\u00f6e s\u00fcttimiseks vaja vesipiibu, turistide gaasipliidi vms elektrilist pliidiplaati.<\/p>\n<p><strong>Omadused:<\/strong><br \/>\n- Madal tuhasisaldus<br \/>\n- Neutraalne l\u00f5hn<br \/>\n- Pikk p\u00f5lemisaeg<br \/>\n- Orgaaniline<\/p>\n<p><strong>Spetsifikatsioon:<\/strong><br \/>\nPakend: 2 kg (125 tk)<br \/>\nM\u00f5\u00f5tmed: 26x26x26 mm<br \/>\nP\u00f5lemisaeg: 90 min.<br \/>\nP\u00e4ritoluriik: Indoneesia<\/p>\n<p>Kas teil on k\u00fcsimusi? v\u00f5ta meiega \u00fchendust\u00a0<a href=\"https:\/\/hookahshop.lt\/et\/kontaktid\/\">kontaktide leht<\/a>\u00a0v\u00f5i saatke meile e-kiri aadressil\u00a0<a href=\"https:\/\/facebook.com\/HookahShop.lt\/\" target=\"_blank\" rel=\"noopener noreferrer\">Facebooki konto<\/a>\u00a0ja vastame teie taotlusele samal p\u00e4eval.<\/p>","protected":false},"excerpt":{"rendered":"<p>S\u00fcsi vesipiibu jaoks TOM COCO 26mm 2kg TOM s\u00fcsi on valmistatud kookosp\u00e4hkli koortest. T\u00e4nu nende tootmisviisile on need s\u00f6ed eriti keskkonnas\u00f5bralikud. TOM-s\u00fcsi mitte ainult ei p\u00f5le kaua, vaid j\u00e4tab ka v\u00e4ga v\u00e4he tuhka. S\u00fcsi iseenesest ei s\u00fctti, seega on s\u00f6e s\u00fc\u00fctamiseks vaja elektrilist vesipiibu keeduplaati, turistigaasipliiti vms. Omadused: \u2013 Madal tuhasisaldus \u2013 Neutraalne [\u2026]<\/p>","protected":false},"featured_media":19263,"comment_status":"open","ping_status":"closed","template":"","meta":[],"_links":{"self":[{"href":"https:\/\/hookahshop.lt\/et\/wp-json\/wp\/v2\/product\/19262"}],"collection":[{"href":"https:\/\/hookahshop.lt\/et\/wp-json\/wp\/v2\/product"}],"about":[{"href":"https:\/\/hookahshop.lt\/et\/wp-json\/wp\/v2\/types\/product"}],"replies":[{"embeddable":true,"href":"https:\/\/hookahshop.lt\/et\/wp-json\/wp\/v2\/comments?post=19262"}],"version-history":[{"count":14,"href":"https:\/\/hookahshop.lt\/et\/wp-json\/wp\/v2\/product\/19262\/revisions"}],"predecessor-version":[{"id":29420,"href":"https:\/\/hookahshop.lt\/et\/wp-json\/wp\/v2\/product\/19262\/revisions\/29420"}],"wp:featuredmedia":[{"embeddable":true,"href":"https:\/\/hookahshop.lt\/et\/wp-json\/wp\/v2\/media\/19263"}],"wp:attachment":[{"href":"https:\/\/hookahshop.lt\/et\/wp-json\/wp\/v2\/media?parent=19262"}],"curies":[{"name":"wp","href":"https:\/\/api.w.org\/{rel}","templated":true}]}}