{"id":19393,"date":"2021-02-19T12:10:11","date_gmt":"2021-02-19T10:10:11","guid":{"rendered":"https:\/\/hookahshop.lt\/?post_type=product&#038;p=19393"},"modified":"2026-05-13T23:29:26","modified_gmt":"2026-05-13T20:29:26","slug":"sirupo-gaudykle-yahya-elegance-bronza","status":"publish","type":"product","link":"https:\/\/hookahshop.lt\/et\/toode\/siirupiloks-yahya-elegance-bronza\/","title":{"rendered":"Siirupil\u00f5ks YAHYA Elegance Bronze"},"content":{"rendered":"<h2>Siirupil\u00f5ks YAHYA Elegance Bronze<\/h2>\n<p>Vesipiibu siirupi l\u00f5ks Yahya Elegance (Pronks) on stiilne aksessuaar tubakasiirupi p\u00fc\u00fcdmiseks ja kogumiseks. Lihtne lahti keerata ja puhastada.<br \/>\nV\u00e4ltige tubakalehtede ja siirupi sattumist kolbi ja vesipiibu varre. Siirup ja tubakas ei kogune v\u00f5lli, mis muudab pesemise lihtsamaks ja annab puhtama maitse. Kaitseb kolvis kollaseks muutumise eest. N\u00fc\u00fcd pole tassi vahetades vaja siirupi eemaldamiseks vesipiipu iga kord pesta.<br \/>\nSiirupi konks Yahya Elegance (Pronks) jaoks - stiilne must, ainulaadne originaaldisain!<\/p>\n<p>Omadused:<br \/>\nK\u00f5rgus: 60mm<br \/>\nL\u00e4bim\u00f5\u00f5t (v\u00e4limine): 48 mm<br \/>\nL\u00e4bim\u00f5\u00f5t (sisemine): 23 mm<br \/>\nKaal: umbes 90 gr<\/p>\n<p>Kas teil on k\u00fcsimusi? v\u00f5ta meiega \u00fchendust\u00a0<a href=\"https:\/\/hookahshop.lt\/et\/kontaktid\/\">kontaktide leht<\/a>\u00a0v\u00f5i saatke meile e-kiri aadressil\u00a0<a href=\"https:\/\/facebook.com\/HookahShop.lt\/\" target=\"_blank\" rel=\"noopener noreferrer\">Facebooki konto<\/a>\u00a0ja vastame teie taotlusele samal p\u00e4eval.<\/p>","protected":false},"excerpt":{"rendered":"<p>Siirupil\u00f5ks YAHYA Elegance Bronze Vesipiibu Siirupil\u00f5ks Yahya Elegance (Pronks) on stiilne aksessuaar tubakasiirupi p\u00fc\u00fcdmiseks ja kogumiseks. Lihtne lahti keerata ja puhastada. V\u00e4ltige tubakalehtede ja siirupi sattumist kolbi ja vesipiibu varre. Siirup ja tubakas ei kogune v\u00f5lli, mis muudab pesemise lihtsamaks ja annab puhtama maitse. Kaitseb kolvis kollaseks muutumise eest. N\u00fc\u00fcd tassi vahetades [\u2026]<\/p>","protected":false},"featured_media":19397,"comment_status":"open","ping_status":"closed","template":"","meta":[],"_links":{"self":[{"href":"https:\/\/hookahshop.lt\/et\/wp-json\/wp\/v2\/product\/19393"}],"collection":[{"href":"https:\/\/hookahshop.lt\/et\/wp-json\/wp\/v2\/product"}],"about":[{"href":"https:\/\/hookahshop.lt\/et\/wp-json\/wp\/v2\/types\/product"}],"replies":[{"embeddable":true,"href":"https:\/\/hookahshop.lt\/et\/wp-json\/wp\/v2\/comments?post=19393"}],"version-history":[{"count":5,"href":"https:\/\/hookahshop.lt\/et\/wp-json\/wp\/v2\/product\/19393\/revisions"}],"predecessor-version":[{"id":37894,"href":"https:\/\/hookahshop.lt\/et\/wp-json\/wp\/v2\/product\/19393\/revisions\/37894"}],"wp:featuredmedia":[{"embeddable":true,"href":"https:\/\/hookahshop.lt\/et\/wp-json\/wp\/v2\/media\/19397"}],"wp:attachment":[{"href":"https:\/\/hookahshop.lt\/et\/wp-json\/wp\/v2\/media?parent=19393"}],"curies":[{"name":"wp","href":"https:\/\/api.w.org\/{rel}","templated":true}]}}