{"id":19425,"date":"2021-02-19T14:03:15","date_gmt":"2021-02-19T12:03:15","guid":{"rendered":"https:\/\/hookahshop.lt\/?post_type=product&#038;p=19425"},"modified":"2026-04-19T23:28:55","modified_gmt":"2026-04-19T20:28:55","slug":"kaljanas-gorky-hookah-electro-dark","status":"publish","type":"product","link":"https:\/\/hookahshop.lt\/et\/toode\/vesipiip-gorky-hookah-electro-dark\/","title":{"rendered":"Vesipiip GORKY HOOKAH Electro Dark"},"content":{"rendered":"<h2>Vesipiip GORKY Vesipiip Electro Dark<\/h2>\n<p>Turu parimate materjalidega. Roostevabast terasest vars, varre viimistlus pehmest t\u00f6\u00f6deldud puidust.<\/p>\n<p><strong>Spetsifikatsioonid:<\/strong><\/p>\n<p>\u00dcldk\u00f5rgus: 570 mm.<br \/>\nKolvi k\u00f5rgus: 250 mm<br \/>\nMaterjal: roostevaba teras ja puit.<\/p>\n<p>Kas teil on k\u00fcsimusi? v\u00f5ta meiega \u00fchendust\u00a0<a href=\"https:\/\/hookahshop.lt\/et\/kontaktid\/\">kontaktide leht<\/a>\u00a0v\u00f5i saatke meile e-kiri aadressil\u00a0<a href=\"https:\/\/facebook.com\/HookahShop.lt\/\" target=\"_blank\" rel=\"noopener noreferrer\">Facebooki konto<\/a>\u00a0ja vastame teie taotlusele samal p\u00e4eval.<\/p>","protected":false},"excerpt":{"rendered":"<p>Vesipiip GORKY Vesipiip Electro Dark Turu parimate koostisosadega. Roostevabast terasest vars, varre viimistlus pehmest t\u00f6\u00f6deldud puidust. Tehnilised andmed: \u00dcldk\u00f5rgus: 570 mm. Kolvi k\u00f5rgus: 250 mm Materjal: roostevaba teras ja puit. Kas teil on k\u00fcsimusi? V\u00f5tke meiega \u00fchendust kontaktide lehel v\u00f5i kirjutage meile oma Facebooki kontol ja vastame teie p\u00e4ringule samal p\u00e4eval.<\/p>","protected":false},"featured_media":19426,"comment_status":"open","ping_status":"closed","template":"","meta":[],"_links":{"self":[{"href":"https:\/\/hookahshop.lt\/et\/wp-json\/wp\/v2\/product\/19425"}],"collection":[{"href":"https:\/\/hookahshop.lt\/et\/wp-json\/wp\/v2\/product"}],"about":[{"href":"https:\/\/hookahshop.lt\/et\/wp-json\/wp\/v2\/types\/product"}],"replies":[{"embeddable":true,"href":"https:\/\/hookahshop.lt\/et\/wp-json\/wp\/v2\/comments?post=19425"}],"version-history":[{"count":6,"href":"https:\/\/hookahshop.lt\/et\/wp-json\/wp\/v2\/product\/19425\/revisions"}],"predecessor-version":[{"id":22908,"href":"https:\/\/hookahshop.lt\/et\/wp-json\/wp\/v2\/product\/19425\/revisions\/22908"}],"wp:featuredmedia":[{"embeddable":true,"href":"https:\/\/hookahshop.lt\/et\/wp-json\/wp\/v2\/media\/19426"}],"wp:attachment":[{"href":"https:\/\/hookahshop.lt\/et\/wp-json\/wp\/v2\/media?parent=19425"}],"curies":[{"name":"wp","href":"https:\/\/api.w.org\/{rel}","templated":true}]}}