{"id":19439,"date":"2021-02-19T15:17:30","date_gmt":"2021-02-19T13:17:30","guid":{"rendered":"https:\/\/hookahshop.lt\/?post_type=product&#038;p=19439"},"modified":"2026-04-15T23:28:48","modified_gmt":"2026-04-15T20:28:48","slug":"kaljanas-hawk-zipper","status":"publish","type":"product","link":"https:\/\/hookahshop.lt\/et\/toode\/vesipiip-hawk-zipper\/","title":{"rendered":"Vesipiibu HAWK t\u00f5mblukk"},"content":{"rendered":"<h2>Hookah Hawk t\u00f5mblukk<\/h2>\n<p>Keskmise suurusega vesipiip, mille plaadi alt puhub vertikaalset suitsu. T\u00e4ielikult rooste eest kaitstud. Puidust mastiviimistlusega roostevabast terasest v\u00f5ll.<\/p>\n<p><strong>Spetsifikatsioonid:<\/strong><\/p>\n<p>K\u00f5rgus: 49 cm.<br \/>\nMaterjalid: roostevaba teras ja puit.<br \/>\nKinnitus kummiga<br \/>\nSyst\u00e8me de purge au-dessus du plato suitsueemaldustehnoloogia.<\/p>\n<p>Kas teil on k\u00fcsimusi? v\u00f5ta meiega \u00fchendust\u00a0<a href=\"https:\/\/hookahshop.lt\/et\/kontaktid\/\">kontaktide leht<\/a>\u00a0v\u00f5i saatke meile e-kiri aadressil\u00a0<a href=\"https:\/\/facebook.com\/HookahShop.lt\/\" target=\"_blank\" rel=\"noopener noreferrer\">Facebooki konto<\/a>\u00a0ja vastame teie taotlusele samal p\u00e4eval.<\/p>","protected":false},"excerpt":{"rendered":"<p>Hookah Hawk Zipper Keskmise suurusega vesipiip, millel plaadi alt puhub vertikaalset suitsu. T\u00e4ielikult rooste eest kaitstud. Puidust mastiviimistlusega roostevabast terasest v\u00f5ll. Tehnilised andmed: K\u00f5rgus: 49 cm. Materjalid: roostevaba teras ja puit. Kinnitus kummist &#039;Syst\u00e8me de purge au-dessus du plateau&#039; suitsueemaldustehnoloogiaga. Kas teil on k\u00fcsimusi? V\u00f5tke meiega \u00fchendust kontaktide lehel v\u00f5i kirjutage meile oma Facebooki kontol ja [\u2026]<\/p>","protected":false},"featured_media":19441,"comment_status":"open","ping_status":"closed","template":"","meta":[],"_links":{"self":[{"href":"https:\/\/hookahshop.lt\/et\/wp-json\/wp\/v2\/product\/19439"}],"collection":[{"href":"https:\/\/hookahshop.lt\/et\/wp-json\/wp\/v2\/product"}],"about":[{"href":"https:\/\/hookahshop.lt\/et\/wp-json\/wp\/v2\/types\/product"}],"replies":[{"embeddable":true,"href":"https:\/\/hookahshop.lt\/et\/wp-json\/wp\/v2\/comments?post=19439"}],"version-history":[{"count":3,"href":"https:\/\/hookahshop.lt\/et\/wp-json\/wp\/v2\/product\/19439\/revisions"}],"predecessor-version":[{"id":19450,"href":"https:\/\/hookahshop.lt\/et\/wp-json\/wp\/v2\/product\/19439\/revisions\/19450"}],"wp:featuredmedia":[{"embeddable":true,"href":"https:\/\/hookahshop.lt\/et\/wp-json\/wp\/v2\/media\/19441"}],"wp:attachment":[{"href":"https:\/\/hookahshop.lt\/et\/wp-json\/wp\/v2\/media?parent=19439"}],"curies":[{"name":"wp","href":"https:\/\/api.w.org\/{rel}","templated":true}]}}