{"id":19444,"date":"2021-02-19T16:18:24","date_gmt":"2021-02-19T14:18:24","guid":{"rendered":"https:\/\/hookahshop.lt\/?post_type=product&#038;p=19444"},"modified":"2026-04-15T23:28:48","modified_gmt":"2026-04-15T20:28:48","slug":"kaljanas-hawk-brown","status":"publish","type":"product","link":"https:\/\/hookahshop.lt\/et\/toode\/vesipiip-hawk-brown\/","title":{"rendered":"Vesipiip HAWK Brown"},"content":{"rendered":"<h2>Vesipiip HAWK Brown<\/h2>\n<p>Keskmise suurusega vesipiip, mille plaadi alt puhub vertikaalset suitsu. T\u00e4ielikult rooste eest kaitstud. Puidust mastiviimistlusega roostevabast terasest v\u00f5ll.<\/p>\n<p><strong>Spetsifikatsioonid:<\/strong><\/p>\n<p>K\u00f5rgus: 49 cm.<br \/>\nMaterjalid: roostevaba teras ja puit.<br \/>\nKinnitus kummiga<br \/>\nSyst\u00e8me de purge au-dessus du plato suitsueemaldustehnoloogia.<\/p>\n<p><img decoding=\"async\" loading=\"lazy\" class=\"alignnone size-medium wp-image-38521\" src=\"https:\/\/hookahshop.lt\/wp-content\/uploads\/2020\/09\/stiebas-zarna-kandiklis-1-300x273.jpg\" alt=\"- hookahshop.lt\" width=\"300\" height=\"273\" srcset=\"https:\/\/hookahshop.lt\/wp-content\/uploads\/2020\/09\/stiebas-zarna-kandiklis-1-300x273.jpg 300w, https:\/\/hookahshop.lt\/wp-content\/uploads\/2020\/09\/stiebas-zarna-kandiklis-1-13x12.jpg 13w, https:\/\/hookahshop.lt\/wp-content\/uploads\/2020\/09\/stiebas-zarna-kandiklis-1-64x58.jpg 64w, https:\/\/hookahshop.lt\/wp-content\/uploads\/2020\/09\/stiebas-zarna-kandiklis-1.jpg 420w\" sizes=\"(max-width: 300px) 100vw, 300px\" title=\"\"><\/p>\n<p>Kas teil on k\u00fcsimusi? v\u00f5ta meiega \u00fchendust\u00a0<a href=\"https:\/\/hookahshop.lt\/et\/kontaktid\/\">kontaktide leht<\/a>\u00a0v\u00f5i saatke meile e-kiri aadressil\u00a0<a href=\"https:\/\/facebook.com\/HookahShop.lt\/\" target=\"_blank\" rel=\"noopener noreferrer\">Facebooki konto<\/a>\u00a0ja vastame teie taotlusele samal p\u00e4eval.<\/p>","protected":false},"excerpt":{"rendered":"<p>Vesipiip HAWK Brown Keskmise suurusega vesipiip vertikaalse suitsueemaldusega taldriku alt. T\u00e4ielikult rooste eest kaitstud. Puidust mastiviimistlusega roostevabast terasest v\u00f5ll. Tehnilised andmed: K\u00f5rgus: 49 cm. Materjalid: roostevaba teras ja puit. Kinnitus kummist &#039;Syst\u00e8me de purge au-dessus du platau&#039; suitsueemaldustehnoloogiaga. Kas teil on k\u00fcsimusi? V\u00f5tke meiega \u00fchendust kontaktide lehel v\u00f5i kirjutage meile oma Facebooki kontol ja [\u2026]<\/p>","protected":false},"featured_media":19457,"comment_status":"open","ping_status":"closed","template":"","meta":[],"_links":{"self":[{"href":"https:\/\/hookahshop.lt\/et\/wp-json\/wp\/v2\/product\/19444"}],"collection":[{"href":"https:\/\/hookahshop.lt\/et\/wp-json\/wp\/v2\/product"}],"about":[{"href":"https:\/\/hookahshop.lt\/et\/wp-json\/wp\/v2\/types\/product"}],"replies":[{"embeddable":true,"href":"https:\/\/hookahshop.lt\/et\/wp-json\/wp\/v2\/comments?post=19444"}],"version-history":[{"count":6,"href":"https:\/\/hookahshop.lt\/et\/wp-json\/wp\/v2\/product\/19444\/revisions"}],"predecessor-version":[{"id":45364,"href":"https:\/\/hookahshop.lt\/et\/wp-json\/wp\/v2\/product\/19444\/revisions\/45364"}],"wp:featuredmedia":[{"embeddable":true,"href":"https:\/\/hookahshop.lt\/et\/wp-json\/wp\/v2\/media\/19457"}],"wp:attachment":[{"href":"https:\/\/hookahshop.lt\/et\/wp-json\/wp\/v2\/media?parent=19444"}],"curies":[{"name":"wp","href":"https:\/\/api.w.org\/{rel}","templated":true}]}}