{"id":19474,"date":"2021-02-19T18:40:57","date_gmt":"2021-02-19T16:40:57","guid":{"rendered":"https:\/\/hookahshop.lt\/?post_type=product&#038;p=19474"},"modified":"2026-04-14T23:28:50","modified_gmt":"2026-04-14T20:28:50","slug":"kaljanas-hooligan-black","status":"publish","type":"product","link":"https:\/\/hookahshop.lt\/et\/toode\/vesipiip-hooligan-black\/","title":{"rendered":"Vesipiip HOOLIGAN Must"},"content":{"rendered":"<h2>Vesipiip HOOLIGAN Must<\/h2>\n<p>Vesipiibul on roostevabast terasest vars, mis on kaetud plastikuga. Vesipiip HOOLIGAN on pesapallikurika kujuline, millel on ainulaadne suitsuava. Nagu vene vesipiipude puhul ikka, sisestatakse see kolbi tihendi abil, nii et saad kolbi igal ajal vahetada, kui see puruneb v\u00f5i kui soovid teist v\u00e4rvi.<\/p>\n<p><strong>Spetsifikatsioonid:<\/strong><\/p>\n<p>\u00dcldk\u00f5rgus: umbes 62 cm.<br \/>\nKolvi kaela l\u00e4bim\u00f5\u00f5t: umbes 4,5 cm.<br \/>\nKolvi k\u00f5rgus: umbes 27 cm.<br \/>\nMaterjal: roostevaba teras, plastik.<br \/>\nToodetud Venemaal.<\/p>\n<p><strong>Varustus:<\/strong><\/p>\n<p>Vesipiip<br \/>\nPlaat<br \/>\nAdapter<br \/>\nKolb<br \/>\nHuulik<br \/>\nSoolestik.<br \/>\nHuligani tass<\/p>\n<p>Kas teil on k\u00fcsimusi? v\u00f5ta meiega \u00fchendust\u00a0<a href=\"https:\/\/hookahshop.lt\/et\/kontaktid\/\">kontaktide leht<\/a>\u00a0v\u00f5i saatke meile e-kiri aadressil\u00a0<a href=\"https:\/\/facebook.com\/HookahShop.lt\/\" target=\"_blank\" rel=\"noopener noreferrer\">Facebooki konto<\/a>\u00a0ja vastame teie taotlusele samal p\u00e4eval.<\/p>","protected":false},"excerpt":{"rendered":"<p>Vesipiip HOOLIGAN Black Vesipiibul on roostevabast terasest vars, mis on kaetud plastikuga. Vesipiip HOOLIGAN on pesapallikurika kujuline, millel on ainulaadne suitsuava. Nagu vene vesipiipude puhul ikka, sisestatakse see kolbi tihendi abil, nii et saad kolbi igal ajal vahetada, kui see puruneb v\u00f5i kui soovid teist v\u00e4rvi. Tehnilised andmed: \u00dcldk\u00f5rgus: umbes 62 cm. Kolvi kaela l\u00e4bim\u00f5\u00f5t: umbes [\u2026]<\/p>","protected":false},"featured_media":19476,"comment_status":"open","ping_status":"closed","template":"","meta":[],"_links":{"self":[{"href":"https:\/\/hookahshop.lt\/et\/wp-json\/wp\/v2\/product\/19474"}],"collection":[{"href":"https:\/\/hookahshop.lt\/et\/wp-json\/wp\/v2\/product"}],"about":[{"href":"https:\/\/hookahshop.lt\/et\/wp-json\/wp\/v2\/types\/product"}],"replies":[{"embeddable":true,"href":"https:\/\/hookahshop.lt\/et\/wp-json\/wp\/v2\/comments?post=19474"}],"version-history":[{"count":6,"href":"https:\/\/hookahshop.lt\/et\/wp-json\/wp\/v2\/product\/19474\/revisions"}],"predecessor-version":[{"id":44371,"href":"https:\/\/hookahshop.lt\/et\/wp-json\/wp\/v2\/product\/19474\/revisions\/44371"}],"wp:featuredmedia":[{"embeddable":true,"href":"https:\/\/hookahshop.lt\/et\/wp-json\/wp\/v2\/media\/19476"}],"wp:attachment":[{"href":"https:\/\/hookahshop.lt\/et\/wp-json\/wp\/v2\/media?parent=19474"}],"curies":[{"name":"wp","href":"https:\/\/api.w.org\/{rel}","templated":true}]}}