{"id":19512,"date":"2021-02-22T12:55:18","date_gmt":"2021-02-22T10:55:18","guid":{"rendered":"https:\/\/hookahshop.lt\/?post_type=product&#038;p=19512"},"modified":"2026-04-18T23:28:47","modified_gmt":"2026-04-18T20:28:47","slug":"kaljanas-mattpear-simple-m-ball-white","status":"publish","type":"product","link":"https:\/\/hookahshop.lt\/et\/toode\/vesipiip-mattpear-simple-m-ball-white\/","title":{"rendered":"Vesipiip MATTPEAR Simple M Ball White"},"content":{"rendered":"<h2>Vesipiip MATTPEAR Simple M Ball White<\/h2>\n<p>See on taskukohane keskmise suurusega vesipiip, mis on valmistatud kvaliteetsest plastikust ja roostevabast terasest.<\/p>\n<p><strong>Selle mudeli eristavad omadused:<\/strong><\/p>\n<p>Keskosa on valmistatud kvaliteetsest plastikust, mille keskel on dekoratiivpall.<br \/>\nP\u00f6\u00f6ratav hajuti vesipiibu t\u00f5mbe muutmiseks.<br \/>\nMast on keermestatud \u00fchendustega t\u00e4ielikult eemaldatav, muutes selle v\u00e4ga ruumikaks ja transpordiks mugavaks.<\/p>\n<p>Kas teil on k\u00fcsimusi? v\u00f5ta meiega \u00fchendust\u00a0<a href=\"https:\/\/hookahshop.lt\/et\/kontaktid\/\">kontaktide leht<\/a>\u00a0v\u00f5i saatke meile e-kiri aadressil\u00a0<a href=\"https:\/\/facebook.com\/HookahShop.lt\/\" target=\"_blank\" rel=\"noopener noreferrer\">Facebooki konto<\/a>\u00a0ja vastame teie taotlusele samal p\u00e4eval.<\/p>","protected":false},"excerpt":{"rendered":"<p>Vesipiip MATTPEAR Simple M Ball White See on taskukohane keskmise suurusega vesipiip, mis on valmistatud kvaliteetsest plastikust ja roostevabast terasest. Selle mudeli erip\u00e4rad: Keskosa on valmistatud kvaliteetsest plastikust, mille keskel on dekoratiivpall. P\u00f6\u00f6ratav hajuti vesipiibu t\u00f5mbe muutmiseks. Mast on keermestatud \u00fchendustega t\u00e4ielikult eemaldatav, muutes selle v\u00e4ga ruumikaks ja transpordiks mugavaks. [\u2026]<\/p>","protected":false},"featured_media":19517,"comment_status":"open","ping_status":"closed","template":"","meta":[],"_links":{"self":[{"href":"https:\/\/hookahshop.lt\/et\/wp-json\/wp\/v2\/product\/19512"}],"collection":[{"href":"https:\/\/hookahshop.lt\/et\/wp-json\/wp\/v2\/product"}],"about":[{"href":"https:\/\/hookahshop.lt\/et\/wp-json\/wp\/v2\/types\/product"}],"replies":[{"embeddable":true,"href":"https:\/\/hookahshop.lt\/et\/wp-json\/wp\/v2\/comments?post=19512"}],"version-history":[{"count":3,"href":"https:\/\/hookahshop.lt\/et\/wp-json\/wp\/v2\/product\/19512\/revisions"}],"predecessor-version":[{"id":22664,"href":"https:\/\/hookahshop.lt\/et\/wp-json\/wp\/v2\/product\/19512\/revisions\/22664"}],"wp:featuredmedia":[{"embeddable":true,"href":"https:\/\/hookahshop.lt\/et\/wp-json\/wp\/v2\/media\/19517"}],"wp:attachment":[{"href":"https:\/\/hookahshop.lt\/et\/wp-json\/wp\/v2\/media?parent=19512"}],"curies":[{"name":"wp","href":"https:\/\/api.w.org\/{rel}","templated":true}]}}