{"id":19560,"date":"2021-02-22T14:48:38","date_gmt":"2021-02-22T12:48:38","guid":{"rendered":"https:\/\/hookahshop.lt\/?post_type=product&#038;p=19560"},"modified":"2026-04-17T23:29:14","modified_gmt":"2026-04-17T20:29:14","slug":"kaljanas-bigmaks-one-mini","status":"publish","type":"product","link":"https:\/\/hookahshop.lt\/et\/toode\/vesipiip-bigmaks-one-mini\/","title":{"rendered":"Vesipiibu BIGMAKS One Mini"},"content":{"rendered":"<h2>Vesipiibu BIGMAKS One Mini<\/h2>\n<p>M\u00f5eldud mitte ainult reisimiseks ja v\u00e4ljas\u00f5itudeks, vaid ka igap\u00e4evaseks kasutamiseks. Kaasaegne minipiip ei j\u00e4\u00e4 oma suitsetamisomadustelt alla k\u00f5rgele vesipiibule ja sellel on isegi palju eeliseid, n\u00e4iteks: kompaktsus, maksimaalne kasutusmugavus ja taskukohane hind. Puhastuss\u00fcsteem koosneb viiest ventiilist, mis v\u00f5imaldavad nii kolbi \u00fcheaegselt puhastamist kui ka topsi jahutamist ilma seda \u00fcle ujutamata. Kasutatakse roostevaba terast. Kokkupanek toimub keermestatud \u00fchendustega.<\/p>\n<p>Spetsifikatsioon:<br \/>\nTihendusr\u00f5nga pistik: O-r\u00f5ngas<br \/>\nHajuti: jah<br \/>\nVeoj\u00f5ud: lihtne<\/p>\n<p>Varustus:<br \/>\nVesipiip (roostevaba teras)<br \/>\nPlaat (roostevaba teras)<br \/>\nSuuosa (roostevaba teras)<br \/>\nSilikoonvoolik (pehme puudutus)<br \/>\nKolb (originaal Big Max, selge, klaas)<\/p>\n<p>Kas teil on k\u00fcsimusi? v\u00f5ta meiega \u00fchendust\u00a0<a href=\"https:\/\/hookahshop.lt\/et\/kontaktid\/\">kontaktide leht<\/a>\u00a0v\u00f5i saatke meile e-kiri aadressil\u00a0<a href=\"https:\/\/facebook.com\/HookahShop.lt\/\" target=\"_blank\" rel=\"noopener noreferrer\">Facebooki konto<\/a>\u00a0ja vastame teie taotlusele samal p\u00e4eval.<\/p>\n<p>&nbsp;<\/p>","protected":false},"excerpt":{"rendered":"<p>Vesipiip BIGMAKS One Mini M\u00f5eldud mitte ainult reisimiseks, vaid ka igap\u00e4evaseks kasutamiseks. Moodne minivesipiip ei j\u00e4\u00e4 suitsetamise poolest alla k\u00f5rgele vesipiipule ja sellel on isegi palju eeliseid, n\u00e4iteks: kompaktsus, maksimaalne kasutusmugavus ja taskukohane hind. Puhastuss\u00fcsteem koosneb viiest ventiilist, mis v\u00f5imaldavad nii kolbi \u00fcheaegselt puhastamist kui ka topsi jahutamist ilma seda \u00fcle ujutamata. Kasutatud [\u2026]<\/p>","protected":false},"featured_media":19569,"comment_status":"open","ping_status":"closed","template":"","meta":[],"_links":{"self":[{"href":"https:\/\/hookahshop.lt\/et\/wp-json\/wp\/v2\/product\/19560"}],"collection":[{"href":"https:\/\/hookahshop.lt\/et\/wp-json\/wp\/v2\/product"}],"about":[{"href":"https:\/\/hookahshop.lt\/et\/wp-json\/wp\/v2\/types\/product"}],"replies":[{"embeddable":true,"href":"https:\/\/hookahshop.lt\/et\/wp-json\/wp\/v2\/comments?post=19560"}],"version-history":[{"count":3,"href":"https:\/\/hookahshop.lt\/et\/wp-json\/wp\/v2\/product\/19560\/revisions"}],"predecessor-version":[{"id":37537,"href":"https:\/\/hookahshop.lt\/et\/wp-json\/wp\/v2\/product\/19560\/revisions\/37537"}],"wp:featuredmedia":[{"embeddable":true,"href":"https:\/\/hookahshop.lt\/et\/wp-json\/wp\/v2\/media\/19569"}],"wp:attachment":[{"href":"https:\/\/hookahshop.lt\/et\/wp-json\/wp\/v2\/media?parent=19560"}],"curies":[{"name":"wp","href":"https:\/\/api.w.org\/{rel}","templated":true}]}}