{"id":19570,"date":"2021-02-22T15:05:42","date_gmt":"2021-02-22T13:05:42","guid":{"rendered":"https:\/\/hookahshop.lt\/?post_type=product&#038;p=19570"},"modified":"2026-04-05T23:28:46","modified_gmt":"2026-04-05T20:28:46","slug":"kaljanas-bigmaks-elegant-mini","status":"publish","type":"product","link":"https:\/\/hookahshop.lt\/et\/toode\/vesipiip-bigmaks-elegant-mini\/","title":{"rendered":"Vesipiip BIGMAKS Elegant Mini"},"content":{"rendered":"<h2>Vesipiip BIGMAKS Elegant Mini<\/h2>\n<p>M\u00f5eldud mitte ainult reisimiseks ja v\u00e4ljas\u00f5itudeks, vaid ka igap\u00e4evaseks kasutamiseks. Kaasaegne mini vesipiip oma suitsetamisomadustega ei j\u00e4\u00e4 k\u00f5rgele vesipiibule alla ja sellel on isegi palju eeliseid, n\u00e4iteks: kompaktsus, maksimaalne kasutusmugavus ja taskukohane hind. Puhastuss\u00fcsteem koosneb viiest ventiilist, mis v\u00f5imaldavad kolvi suitsu \u00fcheaegselt v\u00e4lja puhuda, samuti tassi jahutada ilma seda \u00fcleujutamata. Kasutatakse pol\u00fcatsetaalseid elemente. Kokkupanek toimub keermestatud \u00fchendustega.<\/p>\n<p><strong>Spetsifikatsioon:<\/strong><br \/>\nTihendusr\u00f5nga pistik: O-r\u00f5ngas<br \/>\nHajuti: jah<br \/>\nVeoj\u00f5ud: lihtne<br \/>\nMaterjal: roostevaba teras<br \/>\nVesipiibu k\u00f5rgus: 45 cm<br \/>\nPlaadi l\u00e4bim\u00f5\u00f5t: 20 cm<br \/>\nHuulik<br \/>\nSilikoonvoolik (pehme puudutus)<br \/>\nKolb (originaal Big Max, selge, klaas)<\/p>\n<p><strong>Varustus:<\/strong><br \/>\nVesipiip, taldrik, huulik, silikoonvoolik (pehme puudutusega), kolb.<br \/>\n<img decoding=\"async\" loading=\"lazy\" class=\"alignnone size-medium wp-image-38520\" src=\"https:\/\/hookahshop.lt\/wp-content\/uploads\/2020\/09\/stiebas-kolba-zarna-kandiklis-1-300x273.jpg\" alt=\"- hookahshop.lt\" width=\"300\" height=\"273\" srcset=\"https:\/\/hookahshop.lt\/wp-content\/uploads\/2020\/09\/stiebas-kolba-zarna-kandiklis-1-300x273.jpg 300w, https:\/\/hookahshop.lt\/wp-content\/uploads\/2020\/09\/stiebas-kolba-zarna-kandiklis-1-13x12.jpg 13w, https:\/\/hookahshop.lt\/wp-content\/uploads\/2020\/09\/stiebas-kolba-zarna-kandiklis-1-64x58.jpg 64w, https:\/\/hookahshop.lt\/wp-content\/uploads\/2020\/09\/stiebas-kolba-zarna-kandiklis-1.jpg 420w\" sizes=\"(max-width: 300px) 100vw, 300px\" title=\"\"><\/p>\n<p>Kas teil on k\u00fcsimusi? v\u00f5ta meiega \u00fchendust\u00a0<a href=\"https:\/\/hookahshop.lt\/et\/kontaktid\/\">kontaktide leht<\/a>\u00a0v\u00f5i saatke meile e-kiri aadressil\u00a0<a href=\"https:\/\/facebook.com\/HookahShop.lt\/\" target=\"_blank\" rel=\"noopener noreferrer\">Facebooki konto<\/a>\u00a0ja vastame teie taotlusele samal p\u00e4eval.<\/p>","protected":false},"excerpt":{"rendered":"<p>Vesipiip BIGMAKS Elegant Mini M\u00f5eldud mitte ainult reisimiseks, vaid ka igap\u00e4evaseks kasutamiseks. Kaasaegne minipiip ei j\u00e4\u00e4 oma suitsetamisomadustelt alla k\u00f5rgele vesipiibule ja sellel on isegi palju eeliseid, n\u00e4iteks: kompaktsus, maksimaalne kasutusmugavus ja taskukohane hind. V\u00e4ljalaskes\u00fcsteem koosneb viiest ventiilist, mis v\u00f5imaldavad korraga kolvist suitsu v\u00e4lja puhuda, aga ka topsi jahutada [\u2026]<\/p>","protected":false},"featured_media":19571,"comment_status":"open","ping_status":"closed","template":"","meta":[],"_links":{"self":[{"href":"https:\/\/hookahshop.lt\/et\/wp-json\/wp\/v2\/product\/19570"}],"collection":[{"href":"https:\/\/hookahshop.lt\/et\/wp-json\/wp\/v2\/product"}],"about":[{"href":"https:\/\/hookahshop.lt\/et\/wp-json\/wp\/v2\/types\/product"}],"replies":[{"embeddable":true,"href":"https:\/\/hookahshop.lt\/et\/wp-json\/wp\/v2\/comments?post=19570"}],"version-history":[{"count":7,"href":"https:\/\/hookahshop.lt\/et\/wp-json\/wp\/v2\/product\/19570\/revisions"}],"predecessor-version":[{"id":33807,"href":"https:\/\/hookahshop.lt\/et\/wp-json\/wp\/v2\/product\/19570\/revisions\/33807"}],"wp:featuredmedia":[{"embeddable":true,"href":"https:\/\/hookahshop.lt\/et\/wp-json\/wp\/v2\/media\/19571"}],"wp:attachment":[{"href":"https:\/\/hookahshop.lt\/et\/wp-json\/wp\/v2\/media?parent=19570"}],"curies":[{"name":"wp","href":"https:\/\/api.w.org\/{rel}","templated":true}]}}