{"id":19575,"date":"2021-02-22T15:50:56","date_gmt":"2021-02-22T13:50:56","guid":{"rendered":"https:\/\/hookahshop.lt\/?post_type=product&#038;p=19575"},"modified":"2026-04-18T23:29:05","modified_gmt":"2026-04-18T20:29:05","slug":"taurele-kaljanui-lets-smoke-turkish","status":"publish","type":"product","link":"https:\/\/hookahshop.lt\/et\/toode\/tass-vesipiip-lets-smoke-turkish\/","title":{"rendered":"Tass vesipiibule LETS SMOKE Turkish Glasuur"},"content":{"rendered":"<h2>Vesipiibutass LETS SMOKE Turkish<\/h2>\n<p>Tass on valmistatud savist ja kaetud glasuuriga, t\u00e4nu millele suudab see kaua s\u00e4ilitada oma esialgsed omadused ja v\u00e4limus.<\/p>\n<p>See tass jaotab soojust \u00fchtlaselt ja hoiab seda kogu suitsetamise ajal.<\/p>\n<p>Tassi maht on 15-18 grammi.<\/p>\n<p><strong>Tasside v\u00e4rvid: t\u00fcrkiis, oran\u017e, kollane, sinine.<\/strong><\/p>\n<p>Kas teil on k\u00fcsimusi? v\u00f5ta meiega \u00fchendust\u00a0<a href=\"https:\/\/hookahshop.lt\/et\/kontaktid\/\">kontaktide leht<\/a>\u00a0v\u00f5i saatke meile e-kiri aadressil\u00a0<a href=\"https:\/\/facebook.com\/HookahShop.lt\/\" target=\"_blank\" rel=\"noopener noreferrer\">Facebooki konto<\/a>\u00a0ja vastame teie taotlusele samal p\u00e4eval.<\/p>\n<p>&nbsp;<\/p>\n<p>&nbsp;<\/p>","protected":false},"excerpt":{"rendered":"<p>Tass vesipiibule LETS SMOKE Turkish Tass on valmistatud savist ja kaetud glasuuriga, t\u00e4nu millele s\u00e4ilib kaua oma esialgsed omadused ja v\u00e4limus. See tass jaotab soojust \u00fchtlaselt ja hoiab seda kogu suitsetamise ajal. Tassi maht on 15-18 grammi. Tasside v\u00e4rvid: t\u00fcrkiis, oran\u017e, kollane, sinine. Kas teil on k\u00fcsimusi? V\u00f5tke meiega \u00fchendust kontaktide lehel v\u00f5i kirjutage meile oma Facebooki kontol ja me vastame [\u2026]<\/p>","protected":false},"featured_media":19579,"comment_status":"open","ping_status":"closed","template":"","meta":[],"_links":{"self":[{"href":"https:\/\/hookahshop.lt\/et\/wp-json\/wp\/v2\/product\/19575"}],"collection":[{"href":"https:\/\/hookahshop.lt\/et\/wp-json\/wp\/v2\/product"}],"about":[{"href":"https:\/\/hookahshop.lt\/et\/wp-json\/wp\/v2\/types\/product"}],"replies":[{"embeddable":true,"href":"https:\/\/hookahshop.lt\/et\/wp-json\/wp\/v2\/comments?post=19575"}],"version-history":[{"count":8,"href":"https:\/\/hookahshop.lt\/et\/wp-json\/wp\/v2\/product\/19575\/revisions"}],"predecessor-version":[{"id":29541,"href":"https:\/\/hookahshop.lt\/et\/wp-json\/wp\/v2\/product\/19575\/revisions\/29541"}],"wp:featuredmedia":[{"embeddable":true,"href":"https:\/\/hookahshop.lt\/et\/wp-json\/wp\/v2\/media\/19579"}],"wp:attachment":[{"href":"https:\/\/hookahshop.lt\/et\/wp-json\/wp\/v2\/media?parent=19575"}],"curies":[{"name":"wp","href":"https:\/\/api.w.org\/{rel}","templated":true}]}}