{"id":19597,"date":"2021-02-22T16:19:56","date_gmt":"2021-02-22T14:19:56","guid":{"rendered":"https:\/\/hookahshop.lt\/?post_type=product&#038;p=19597"},"modified":"2026-04-18T23:29:04","modified_gmt":"2026-04-18T20:29:04","slug":"taurele-kaljanui-lets-smoke-harmony","status":"publish","type":"product","link":"https:\/\/hookahshop.lt\/et\/toode\/tass-vesipiip-lets-smoke-harmony\/","title":{"rendered":"Tass vesipiibule LETS SMOKE Harmony Glasuur"},"content":{"rendered":"<h2>Tass vesipiibule LETS SMOKE Harmony<\/h2>\n<p>Tass on valmistatud savist ja kaetud glasuuriga, t\u00e4nu millele suudab see kaua s\u00e4ilitada oma esialgsed omadused ja v\u00e4limus.<\/p>\n<p>See tass jaotab soojust \u00fchtlaselt ja hoiab seda kogu suitsetamise ajal.<\/p>\n<p>Tassi maht on 17-20 grammi.<\/p>\n<p><strong>Tasside v\u00e4rvus: sinine<\/strong><\/p>\n<p>Kas teil on k\u00fcsimusi? v\u00f5ta meiega \u00fchendust\u00a0<a href=\"https:\/\/hookahshop.lt\/et\/kontaktid\/\">kontaktide leht<\/a>\u00a0v\u00f5i saatke meile e-kiri aadressil\u00a0<a href=\"https:\/\/facebook.com\/HookahShop.lt\/\" target=\"_blank\" rel=\"noopener noreferrer\">Facebooki konto<\/a>\u00a0ja vastame teie taotlusele samal p\u00e4eval.<\/p>","protected":false},"excerpt":{"rendered":"<p>Tass vesipiibule LETS SMOKE Harmony Tass on valmistatud savist ja kaetud glasuuriga, t\u00e4nu millele suudab kaua s\u00e4ilitada oma esialgsed omadused ja v\u00e4limus. See tass jaotab soojust \u00fchtlaselt ja hoiab seda kogu suitsetamise ajal. Tassi maht on 17-20 grammi. V\u00e4rvilised tassid: sinine k\u00fcsimusi? V\u00f5tke meiega \u00fchendust kontaktide lehel v\u00f5i kirjutage meile oma Facebooki kontole ja me vastame teie p\u00e4ringule [\u2026]<\/p>","protected":false},"featured_media":19598,"comment_status":"open","ping_status":"closed","template":"","meta":[],"_links":{"self":[{"href":"https:\/\/hookahshop.lt\/et\/wp-json\/wp\/v2\/product\/19597"}],"collection":[{"href":"https:\/\/hookahshop.lt\/et\/wp-json\/wp\/v2\/product"}],"about":[{"href":"https:\/\/hookahshop.lt\/et\/wp-json\/wp\/v2\/types\/product"}],"replies":[{"embeddable":true,"href":"https:\/\/hookahshop.lt\/et\/wp-json\/wp\/v2\/comments?post=19597"}],"version-history":[{"count":5,"href":"https:\/\/hookahshop.lt\/et\/wp-json\/wp\/v2\/product\/19597\/revisions"}],"predecessor-version":[{"id":29538,"href":"https:\/\/hookahshop.lt\/et\/wp-json\/wp\/v2\/product\/19597\/revisions\/29538"}],"wp:featuredmedia":[{"embeddable":true,"href":"https:\/\/hookahshop.lt\/et\/wp-json\/wp\/v2\/media\/19598"}],"wp:attachment":[{"href":"https:\/\/hookahshop.lt\/et\/wp-json\/wp\/v2\/media?parent=19597"}],"curies":[{"name":"wp","href":"https:\/\/api.w.org\/{rel}","templated":true}]}}