{"id":19603,"date":"2021-02-22T16:33:28","date_gmt":"2021-02-22T14:33:28","guid":{"rendered":"https:\/\/hookahshop.lt\/?post_type=product&#038;p=19603"},"modified":"2026-04-18T23:29:04","modified_gmt":"2026-04-18T20:29:04","slug":"taurele-kaljanui-lets-smoke-phunnel-bm","status":"publish","type":"product","link":"https:\/\/hookahshop.lt\/et\/toode\/tass-vesipiip-lets-smoke-phunnel-bm\/","title":{"rendered":"Tass vesipiibule LETS SUITSUMINE Phunnel BM Glasuur"},"content":{"rendered":"<h2>Vesipiibutass LETS SMOKE Phunnel BM<\/h2>\n<p>Tass on valmistatud savist ja kaetud glasuuriga, t\u00e4nu millele suudab see kaua s\u00e4ilitada oma esialgsed omadused ja v\u00e4limus.<\/p>\n<p>See tass jaotab soojust \u00fchtlaselt ja hoiab seda kogu suitsetamise ajal.<\/p>\n<p>Tassi maht 17-20 g.<\/p>\n<p><strong>Tassi v\u00e4rvus: sinine.<\/strong><\/p>\n<p>Kas teil on k\u00fcsimusi? v\u00f5ta meiega \u00fchendust\u00a0<a href=\"https:\/\/hookahshop.lt\/et\/kontaktid\/\">kontaktide leht<\/a>\u00a0v\u00f5i saatke meile e-kiri aadressil\u00a0<a href=\"https:\/\/facebook.com\/HookahShop.lt\/\" target=\"_blank\" rel=\"noopener noreferrer\">Facebooki konto<\/a>\u00a0ja vastame teie taotlusele samal p\u00e4eval.<\/p>","protected":false},"excerpt":{"rendered":"<p>Vesipiibutops LETS SMOKE Phunnel BM Tass on valmistatud savist ja kaetud glasuuriga, mis v\u00f5imaldab kaua s\u00e4ilitada oma esialgsed omadused ja v\u00e4limus. See tass jaotab soojust \u00fchtlaselt ja hoiab seda kogu suitsetamise ajal. Tassi maht 17-20 g. Tassi v\u00e4rvus: sinine. Kas teil on k\u00fcsimusi? V\u00f5tke meiega \u00fchendust kontaktide lehel v\u00f5i kirjutage meile oma Facebooki kontol ja me vastame teie [\u2026]<\/p>","protected":false},"featured_media":19604,"comment_status":"open","ping_status":"closed","template":"","meta":[],"_links":{"self":[{"href":"https:\/\/hookahshop.lt\/et\/wp-json\/wp\/v2\/product\/19603"}],"collection":[{"href":"https:\/\/hookahshop.lt\/et\/wp-json\/wp\/v2\/product"}],"about":[{"href":"https:\/\/hookahshop.lt\/et\/wp-json\/wp\/v2\/types\/product"}],"replies":[{"embeddable":true,"href":"https:\/\/hookahshop.lt\/et\/wp-json\/wp\/v2\/comments?post=19603"}],"version-history":[{"count":8,"href":"https:\/\/hookahshop.lt\/et\/wp-json\/wp\/v2\/product\/19603\/revisions"}],"predecessor-version":[{"id":29539,"href":"https:\/\/hookahshop.lt\/et\/wp-json\/wp\/v2\/product\/19603\/revisions\/29539"}],"wp:featuredmedia":[{"embeddable":true,"href":"https:\/\/hookahshop.lt\/et\/wp-json\/wp\/v2\/media\/19604"}],"wp:attachment":[{"href":"https:\/\/hookahshop.lt\/et\/wp-json\/wp\/v2\/media?parent=19603"}],"curies":[{"name":"wp","href":"https:\/\/api.w.org\/{rel}","templated":true}]}}