{"id":19607,"date":"2021-02-22T17:56:27","date_gmt":"2021-02-22T15:56:27","guid":{"rendered":"https:\/\/hookahshop.lt\/?post_type=product&#038;p=19607"},"modified":"2026-04-14T23:29:02","modified_gmt":"2026-04-14T20:29:02","slug":"kandiklis-kaljanui-maklaud-black","status":"publish","type":"product","link":"https:\/\/hookahshop.lt\/et\/toode\/vesipiibu-huulik-maklaud-black\/","title":{"rendered":"Vesipiibu huulik MAKLAUD Must"},"content":{"rendered":"<h2>Vesipiibu huulik MAKLAUD Must<\/h2>\n<p>Maklaud matt, must huulik. Mugav ja stiilne, sobib peaaegu k\u00f5ikidele voolikutele.<\/p>\n<p><strong>Spetsifikatsioon:<\/strong><\/p>\n<p>Kaal: 210g<br \/>\nPikkus: 40 cm<br \/>\nMaterjal: metall<br \/>\nV\u00e4rvus: matt must<\/p>\n<p dir=\"ltr\" data-placeholder=\"Vertimas\">Kas teil on k\u00fcsimusi? v\u00f5ta meiega \u00fchendust <a href=\"https:\/\/hookahshop.lt\/et\/kontaktid\/\">kontaktide leht<\/a> v\u00f5i saatke meile e-kiri aadressil <a href=\"https:\/\/facebook.com\/HookahShop.lt\/\" target=\"_blank\" rel=\"noopener noreferrer\">Facebooki konto<\/a> ja vastame teie taotlusele samal p\u00e4eval.<\/p>","protected":false},"excerpt":{"rendered":"<p>Konks suukonksule MAKLAUD Must Maklaud matt, must huulik. Mugav ja stiilne, sobib peaaegu k\u00f5ikidele voolikutele. Spetsifikatsioon: Kaal: 210g Pikkus: 40cm Materjal: metall V\u00e4rvus: matt must Kas on k\u00fcsimusi? V\u00f5tke meiega \u00fchendust kontaktide lehel v\u00f5i kirjutage meile oma Facebooki kontol ja vastame teie p\u00e4ringule samal p\u00e4eval.<\/p>","protected":false},"featured_media":19608,"comment_status":"open","ping_status":"closed","template":"","meta":[],"_links":{"self":[{"href":"https:\/\/hookahshop.lt\/et\/wp-json\/wp\/v2\/product\/19607"}],"collection":[{"href":"https:\/\/hookahshop.lt\/et\/wp-json\/wp\/v2\/product"}],"about":[{"href":"https:\/\/hookahshop.lt\/et\/wp-json\/wp\/v2\/types\/product"}],"replies":[{"embeddable":true,"href":"https:\/\/hookahshop.lt\/et\/wp-json\/wp\/v2\/comments?post=19607"}],"version-history":[{"count":7,"href":"https:\/\/hookahshop.lt\/et\/wp-json\/wp\/v2\/product\/19607\/revisions"}],"predecessor-version":[{"id":28817,"href":"https:\/\/hookahshop.lt\/et\/wp-json\/wp\/v2\/product\/19607\/revisions\/28817"}],"wp:featuredmedia":[{"embeddable":true,"href":"https:\/\/hookahshop.lt\/et\/wp-json\/wp\/v2\/media\/19608"}],"wp:attachment":[{"href":"https:\/\/hookahshop.lt\/et\/wp-json\/wp\/v2\/media?parent=19607"}],"curies":[{"name":"wp","href":"https:\/\/api.w.org\/{rel}","templated":true}]}}