{"id":19623,"date":"2021-02-22T18:14:41","date_gmt":"2021-02-22T16:14:41","guid":{"rendered":"https:\/\/hookahshop.lt\/?post_type=product&#038;p=19623"},"modified":"2026-04-18T23:28:57","modified_gmt":"2026-04-18T20:28:57","slug":"kolba-kaljanui-njn-hookah-sp-black","status":"publish","type":"product","link":"https:\/\/hookahshop.lt\/et\/toode\/kolb-vesipiibu-njn-hookah-sp-black\/","title":{"rendered":"Kolb vesipiibule NJN HOOKAH SP Must"},"content":{"rendered":"<h2>Kolb vesipiibule NJN HOOKAH SP Must<\/h2>\n<p>Kolb on valmistatud eranditult k\u00e4sit\u00f6\u00f6na Venemaa parimatest klaasipuhuritest. Tilga kuju on turul \u00fcks populaarsemaid. N\u00e4eb hea v\u00e4lja k\u00f5igi vesipiipudega.<\/p>\n<p id=\"tw-target-text\" class=\"tw-data-text tw-text-large XcVN5d tw-ta\" dir=\"ltr\" data-placeholder=\"Vertimas\"><strong>Omadused:<\/strong><br \/>\nK\u00f5rgus: 270 mm<br \/>\nKaela sisel\u00e4bim\u00f5\u00f5t: 45 mm<br \/>\nKaela v\u00e4lisl\u00e4bim\u00f5\u00f5t: 72 mm<br \/>\nKaal: 1,5 kg<br \/>\nValmistatud: k\u00e4sitsi, Venemaal.<\/p>\n<p dir=\"ltr\" data-placeholder=\"Vertimas\">Kas teil on k\u00fcsimusi? v\u00f5ta meiega \u00fchendust <a href=\"https:\/\/hookahshop.lt\/et\/kontaktid\/\">kontaktide leht<\/a> v\u00f5i saatke meile e-kiri aadressil <a href=\"https:\/\/facebook.com\/HookahShop.lt\/\" target=\"_blank\" rel=\"noopener noreferrer\">Facebooki konto<\/a> ja vastame teie taotlusele samal p\u00e4eval.<\/p>","protected":false},"excerpt":{"rendered":"<p>Vesipiibu konks NJN HOOKAH SP Must Kolb on valmistatud eranditult k\u00e4sitsi parimatest Venemaa klaasipuhuritest. Tilga kuju on turul \u00fcks populaarsemaid. N\u00e4eb hea v\u00e4lja k\u00f5igi vesipiipudega. Omadused: K\u00f5rgus: 270 mm Kaela sisel\u00e4bim\u00f5\u00f5t: 45mm Kaela v\u00e4lisl\u00e4bim\u00f5\u00f5t: 72 mm Kaal: 1,5 kg Valmistatud: Venemaal. Kas teil on k\u00fcsimusi? V\u00f5tke meiega \u00fchendust kontaktide lehel v\u00f5i kirjutage meile [\u2026]<\/p>","protected":false},"featured_media":19624,"comment_status":"open","ping_status":"closed","template":"","meta":[],"_links":{"self":[{"href":"https:\/\/hookahshop.lt\/et\/wp-json\/wp\/v2\/product\/19623"}],"collection":[{"href":"https:\/\/hookahshop.lt\/et\/wp-json\/wp\/v2\/product"}],"about":[{"href":"https:\/\/hookahshop.lt\/et\/wp-json\/wp\/v2\/types\/product"}],"replies":[{"embeddable":true,"href":"https:\/\/hookahshop.lt\/et\/wp-json\/wp\/v2\/comments?post=19623"}],"version-history":[{"count":3,"href":"https:\/\/hookahshop.lt\/et\/wp-json\/wp\/v2\/product\/19623\/revisions"}],"predecessor-version":[{"id":23046,"href":"https:\/\/hookahshop.lt\/et\/wp-json\/wp\/v2\/product\/19623\/revisions\/23046"}],"wp:featuredmedia":[{"embeddable":true,"href":"https:\/\/hookahshop.lt\/et\/wp-json\/wp\/v2\/media\/19624"}],"wp:attachment":[{"href":"https:\/\/hookahshop.lt\/et\/wp-json\/wp\/v2\/media?parent=19623"}],"curies":[{"name":"wp","href":"https:\/\/api.w.org\/{rel}","templated":true}]}}