{"id":19631,"date":"2021-02-22T19:05:08","date_gmt":"2021-02-22T17:05:08","guid":{"rendered":"https:\/\/hookahshop.lt\/?post_type=product&#038;p=19631"},"modified":"2026-04-20T23:29:00","modified_gmt":"2026-04-20T20:29:00","slug":"kaljanas-shadows-evo-mini","status":"publish","type":"product","link":"https:\/\/hookahshop.lt\/et\/toode\/vesipiip-shadows-evo-mini\/","title":{"rendered":"Vesipiibu VARJUD EVO Mini"},"content":{"rendered":"<h2>Vesipiibu VARJUD EVO Mini<\/h2>\n<p>See on Shadowsi kompaktne vesipiibu mudel. Stiilne ja kompaktne komplekt koos kaubam\u00e4rgiga kotiga. Vesipiip on valmistatud roostevabast terasest, s\u00fcsiniku viimistlusega, mist\u00f5ttu v\u00f5ll ei kuumene ja t\u00f5mmatud suits ei kuumene kuumuse hajumisel.<br \/>\n<span lang=\"lt\">Selle mudeli erip\u00e4raks on magnetitega plaadi- ja vooliku\u00fchenduse kinnituss\u00fcsteem. Magnetid p\u00fc\u00fcavad k\u00f5ik elemendid kiiresti ja kindlalt kinni, v\u00e4ltides nende v\u00e4ljakukkumist. T\u00e4nu sellele kinnituss\u00fcsteemile saate plaadi igal ajal lihtsalt eemaldada ja sellelt kogunenud tuha maha raputada. Huulik on valmistatud s\u00fcsinikkiust ja koosneb kahest keermestatud osast. <\/span><span lang=\"lt\">Kaasasolev kott on v\u00e4ga kompaktne ja mugav. Sellel on jaotised vesipiibu iga detaili jaoks. T\u00e4nu oma kompaktsusele saab seda kasutada reisipiibuna.<\/span><\/p>\n<p><strong>Omadused:<\/strong><br \/>\nVesipiibu kaal koos korviga: umbes 2790 gr.<br \/>\nVesipiibu k\u00f5rgus koos kolbiga: 405 mm.<br \/>\nV\u00f5ll: roostevaba teras AISI 304, D11 mm.<br \/>\nAlusmaterjal: pol\u00fcatsetaal.<br \/>\nVooliku pistik: magnetiline.<br \/>\nHajuti: eemaldatav, keermestatud, roostevaba teras.<br \/>\nSuuosa: roostevaba teras ja s\u00fcsiniku imitatsioon.<br \/>\nHuuliku pikkus: 320 mm.<br \/>\nVoolik: pehme puudutus.<br \/>\nVooliku pikkus: 1500 mm.<\/p>\n<p><strong>Varustus:<\/strong><br \/>\nV\u00f5ll, plaat, huulik, voolik, difuusor, kolb, vooliku\u00fchendus, tihendid, tangid ja vedru.<br \/>\n<em><strong>Kaasas on reisikott vesipiibu jaoks.<\/strong><\/em><\/p>\n<p>Kas teil on k\u00fcsimusi? v\u00f5ta meiega \u00fchendust\u00a0<a href=\"https:\/\/hookahshop.lt\/et\/kontaktid\/\">kontaktide leht<\/a>\u00a0v\u00f5i saatke meile e-kiri aadressil\u00a0<a href=\"https:\/\/facebook.com\/HookahShop.lt\/\" target=\"_blank\" rel=\"noopener noreferrer\">Facebooki konto<\/a>\u00a0ja vastame teie taotlusele samal p\u00e4eval.<\/p>","protected":false},"excerpt":{"rendered":"<p>Vesipiibu SHADOWS EVO Mini See on Shadowsi kompaktne vesipiibu mudel. Stiilne ja kompaktne komplekt koos kaubam\u00e4rgiga kotiga. Vesipiip on valmistatud roostevabast terasest, s\u00fcsiniku viimistlusega, mist\u00f5ttu v\u00f5ll ei kuumene ja t\u00f5mmatud suits ei kuumene kuumuse hajumisel. Selle mudeli erip\u00e4raks on magnetitega plaadi- ja vooliku\u00fchenduse kinnituss\u00fcsteem. Magnetid lukustuvad kiiresti ja kindlalt [\u2026]<\/p>","protected":false},"featured_media":19633,"comment_status":"open","ping_status":"closed","template":"","meta":[],"_links":{"self":[{"href":"https:\/\/hookahshop.lt\/et\/wp-json\/wp\/v2\/product\/19631"}],"collection":[{"href":"https:\/\/hookahshop.lt\/et\/wp-json\/wp\/v2\/product"}],"about":[{"href":"https:\/\/hookahshop.lt\/et\/wp-json\/wp\/v2\/types\/product"}],"replies":[{"embeddable":true,"href":"https:\/\/hookahshop.lt\/et\/wp-json\/wp\/v2\/comments?post=19631"}],"version-history":[{"count":5,"href":"https:\/\/hookahshop.lt\/et\/wp-json\/wp\/v2\/product\/19631\/revisions"}],"predecessor-version":[{"id":29511,"href":"https:\/\/hookahshop.lt\/et\/wp-json\/wp\/v2\/product\/19631\/revisions\/29511"}],"wp:featuredmedia":[{"embeddable":true,"href":"https:\/\/hookahshop.lt\/et\/wp-json\/wp\/v2\/media\/19633"}],"wp:attachment":[{"href":"https:\/\/hookahshop.lt\/et\/wp-json\/wp\/v2\/media?parent=19631"}],"curies":[{"name":"wp","href":"https:\/\/api.w.org\/{rel}","templated":true}]}}