{"id":19641,"date":"2021-02-22T20:36:59","date_gmt":"2021-02-22T18:36:59","guid":{"rendered":"https:\/\/hookahshop.lt\/?post_type=product&#038;p=19641"},"modified":"2026-04-18T23:28:37","modified_gmt":"2026-04-18T20:28:37","slug":"individualus-kaljano-kandiklis-maklaud-gazzik","status":"publish","type":"product","link":"https:\/\/hookahshop.lt\/et\/toode\/individuaalne-vesipiibu-huulik-maklaud-gazzik\/","title":{"rendered":"Individuaalne vesipiibu huulik MAKLAUD Gazzik"},"content":{"rendered":"<h2>Individuaalne vesipiibu huulik MAKLAUD Gazzik<\/h2>\n<p>MAKLAUD Gazzik huulik on Maklaudi teine meistriteos. Gazzik (hunt) siset\u00fckiga huulik on valmistatud messingist. Must ehtsast nahast rihm. Huuliku kinnitamine karabiini k\u00fclge. Huulik on valmistatud kvaliteetsest meditsiinilisest silikoonist pehme puudutuse tagamiseks ja originaals\u00f5rmus, millel on kiri &quot;Maklaud&quot;.<\/p>\n<p><strong>Omadused:<\/strong><br \/>\nRihma pikkus: 900 mm<br \/>\nRihma materjal: ehtne nahk<br \/>\nKinnitus: karabiin<br \/>\nHuuliku pikkus: 50 mm<br \/>\nKaal: umbes 35 g.<\/p>\n<p>Kas teil on k\u00fcsimusi? v\u00f5ta meiega \u00fchendust\u00a0<a href=\"https:\/\/hookahshop.lt\/et\/kontaktid\/\">kontaktide leht<\/a>\u00a0v\u00f5i saatke meile e-kiri aadressil\u00a0<a href=\"https:\/\/facebook.com\/HookahShop.lt\/\" target=\"_blank\" rel=\"noopener noreferrer\">Facebooki konto<\/a>\u00a0ja vastame teie taotlusele samal p\u00e4eval.<\/p>","protected":false},"excerpt":{"rendered":"<p>Individuaalne vesipiibu huulik MAKLAUD Gazzik MAKLAUD Gazzik huulik on veel \u00fcks Maklaudi meistriteos. Gazzik (hunt) siset\u00fckiga huulik on valmistatud messingist. Must ehtsast nahast rihm. Huuliku kinnitamine karabiini k\u00fclge. Huulik on valmistatud kvaliteetsest meditsiinilisest silikoonist pehme puudutuse tagamiseks ja originaals\u00f5rmus, millel on kiri &quot;Maklaud&quot;. Omadused: Rihma pikkus: 900 mm Rihma materjal: ehtne nahk Kinnitus: [\u2026]<\/p>","protected":false},"featured_media":19643,"comment_status":"open","ping_status":"closed","template":"","meta":[],"_links":{"self":[{"href":"https:\/\/hookahshop.lt\/et\/wp-json\/wp\/v2\/product\/19641"}],"collection":[{"href":"https:\/\/hookahshop.lt\/et\/wp-json\/wp\/v2\/product"}],"about":[{"href":"https:\/\/hookahshop.lt\/et\/wp-json\/wp\/v2\/types\/product"}],"replies":[{"embeddable":true,"href":"https:\/\/hookahshop.lt\/et\/wp-json\/wp\/v2\/comments?post=19641"}],"version-history":[{"count":3,"href":"https:\/\/hookahshop.lt\/et\/wp-json\/wp\/v2\/product\/19641\/revisions"}],"predecessor-version":[{"id":28491,"href":"https:\/\/hookahshop.lt\/et\/wp-json\/wp\/v2\/product\/19641\/revisions\/28491"}],"wp:featuredmedia":[{"embeddable":true,"href":"https:\/\/hookahshop.lt\/et\/wp-json\/wp\/v2\/media\/19643"}],"wp:attachment":[{"href":"https:\/\/hookahshop.lt\/et\/wp-json\/wp\/v2\/media?parent=19641"}],"curies":[{"name":"wp","href":"https:\/\/api.w.org\/{rel}","templated":true}]}}