{"id":19652,"date":"2021-02-23T14:22:07","date_gmt":"2021-02-23T12:22:07","guid":{"rendered":"https:\/\/hookahshop.lt\/?post_type=product&#038;p=19652"},"modified":"2026-04-15T23:29:11","modified_gmt":"2026-04-15T20:29:11","slug":"taurele-kaljanui-lets-smoke-cayman","status":"publish","type":"product","link":"https:\/\/hookahshop.lt\/et\/toode\/tass-vesipiip-lets-smoke-cayman\/","title":{"rendered":"Tass vesipiibule LETS SMOKE Cayman"},"content":{"rendered":"<h2>Tass vesipiibule LETS SMOKE Cayman<\/h2>\n<p>Tass on valmistatud kvaliteetsest savist, nii et see jaotab soojust \u00fchtlaselt ja hoiab seda kogu suitsetamise ajal.<\/p>\n<p>Tassi maht on 13-17 grammi.<\/p>\n<p>Kas teil on k\u00fcsimusi? v\u00f5ta meiega \u00fchendust\u00a0<a href=\"https:\/\/hookahshop.lt\/et\/kontaktid\/\">kontaktide leht<\/a>\u00a0v\u00f5i saatke meile e-kiri aadressil\u00a0<a href=\"https:\/\/facebook.com\/HookahShop.lt\/\" target=\"_blank\" rel=\"noopener noreferrer\">Facebooki konto<\/a>\u00a0ja vastame teie taotlusele samal p\u00e4eval.<\/p>","protected":false},"excerpt":{"rendered":"<p>Vesipiibu tass LETS SMOKE Cayman Tass on valmistatud kvaliteetsest savist, mist\u00f5ttu jaotab soojust \u00fchtlaselt ja hoiab seda kogu suitsetamise ajal. Tassi maht on 13-17 grammi. Kas teil on k\u00fcsimusi? V\u00f5tke meiega \u00fchendust kontaktide lehel v\u00f5i kirjutage meile oma Facebooki kontol ja vastame teie p\u00e4ringule samal p\u00e4eval.<\/p>","protected":false},"featured_media":19653,"comment_status":"open","ping_status":"closed","template":"","meta":[],"_links":{"self":[{"href":"https:\/\/hookahshop.lt\/et\/wp-json\/wp\/v2\/product\/19652"}],"collection":[{"href":"https:\/\/hookahshop.lt\/et\/wp-json\/wp\/v2\/product"}],"about":[{"href":"https:\/\/hookahshop.lt\/et\/wp-json\/wp\/v2\/types\/product"}],"replies":[{"embeddable":true,"href":"https:\/\/hookahshop.lt\/et\/wp-json\/wp\/v2\/comments?post=19652"}],"version-history":[{"count":5,"href":"https:\/\/hookahshop.lt\/et\/wp-json\/wp\/v2\/product\/19652\/revisions"}],"predecessor-version":[{"id":29536,"href":"https:\/\/hookahshop.lt\/et\/wp-json\/wp\/v2\/product\/19652\/revisions\/29536"}],"wp:featuredmedia":[{"embeddable":true,"href":"https:\/\/hookahshop.lt\/et\/wp-json\/wp\/v2\/media\/19653"}],"wp:attachment":[{"href":"https:\/\/hookahshop.lt\/et\/wp-json\/wp\/v2\/media?parent=19652"}],"curies":[{"name":"wp","href":"https:\/\/api.w.org\/{rel}","templated":true}]}}