{"id":19670,"date":"2021-02-24T20:39:58","date_gmt":"2021-02-24T18:39:58","guid":{"rendered":"https:\/\/hookahshop.lt\/?post_type=product&#038;p=19670"},"modified":"2026-04-06T23:29:16","modified_gmt":"2026-04-06T20:29:16","slug":"taurele-kaljanui-upper-combi-bowl-cosmo-green","status":"publish","type":"product","link":"https:\/\/hookahshop.lt\/et\/toode\/tass-vesipiip-upper-combi-bowl-cosmo-green\/","title":{"rendered":"Tass vesipiibule UPPER Combi Bowl Cosmo Green"},"content":{"rendered":"<h2>Tass vesipiibule UPPER Combi Bowl Cosmo Green<\/h2>\n<p>Tass on valmistatud kvaliteetsest savist ja kaetud glasuuriga, mis v\u00f5imaldab s\u00e4ilitada oma esialgsed omadused ja v\u00e4limus pikka aega. Iga Upper Combi on eraldi pakendatud kaubam\u00e4rgi logo ja tassi nimega.<\/p>\n<p>Sobib nii individuaalseks kui ka r\u00fchmasuitsetamiseks. Tubakat kulub 18-20 grammi.<\/p>\n<p><strong>Omadused:<\/strong><br \/>\nK\u00f5rgus: 110 mm.<br \/>\nL\u00e4bim\u00f5\u00f5t (v\u00e4limine): 73 mm.<br \/>\nL\u00e4bim\u00f5\u00f5t (sisemine): 67 mm.<br \/>\nS\u00fcgavus: 15mm.<br \/>\nAva l\u00e4bim\u00f5\u00f5t: 12 mm.<br \/>\nAukude arv: 1 tk.<br \/>\nKaal: umbes 195 grammi.<\/p>\n<p>Kas teil on k\u00fcsimusi? v\u00f5ta meiega \u00fchendust\u00a0<a href=\"https:\/\/hookahshop.lt\/et\/kontaktid\/\">kontaktide leht<\/a>\u00a0v\u00f5i saatke meile e-kiri aadressil\u00a0<a href=\"https:\/\/facebook.com\/HookahShop.lt\/\" target=\"_blank\" rel=\"noopener noreferrer\">Facebooki konto<\/a>\u00a0ja vastame teie taotlusele samal p\u00e4eval.<\/p>","protected":false},"excerpt":{"rendered":"<p>Tass vesipiibu jaoks UPPER Combi Bowl Cosmo Green Tass on valmistatud kvaliteetsest savist ja kaetud glasuuriga, t\u00e4nu millele suudab kaua s\u00e4ilitada oma esialgsed omadused ja v\u00e4limus. Iga Upper Combi on eraldi pakendatud kaubam\u00e4rgi logo ja tassi nimega. Sobib nii individuaalseks kui ka r\u00fchmasuitsetamiseks. Tubakat kulub 18-20 grammi. Omadused: K\u00f5rgus: 110mm. V\u00e4lisl\u00e4bim\u00f5\u00f5t: 73 [\u2026]<\/p>","protected":false},"featured_media":19672,"comment_status":"open","ping_status":"closed","template":"","meta":[],"_links":{"self":[{"href":"https:\/\/hookahshop.lt\/et\/wp-json\/wp\/v2\/product\/19670"}],"collection":[{"href":"https:\/\/hookahshop.lt\/et\/wp-json\/wp\/v2\/product"}],"about":[{"href":"https:\/\/hookahshop.lt\/et\/wp-json\/wp\/v2\/types\/product"}],"replies":[{"embeddable":true,"href":"https:\/\/hookahshop.lt\/et\/wp-json\/wp\/v2\/comments?post=19670"}],"version-history":[{"count":3,"href":"https:\/\/hookahshop.lt\/et\/wp-json\/wp\/v2\/product\/19670\/revisions"}],"predecessor-version":[{"id":29564,"href":"https:\/\/hookahshop.lt\/et\/wp-json\/wp\/v2\/product\/19670\/revisions\/29564"}],"wp:featuredmedia":[{"embeddable":true,"href":"https:\/\/hookahshop.lt\/et\/wp-json\/wp\/v2\/media\/19672"}],"wp:attachment":[{"href":"https:\/\/hookahshop.lt\/et\/wp-json\/wp\/v2\/media?parent=19670"}],"curies":[{"name":"wp","href":"https:\/\/api.w.org\/{rel}","templated":true}]}}