{"id":19675,"date":"2021-02-24T20:59:32","date_gmt":"2021-02-24T18:59:32","guid":{"rendered":"https:\/\/hookahshop.lt\/?post_type=product&#038;p=19675"},"modified":"2026-04-09T12:28:47","modified_gmt":"2026-04-09T09:28:47","slug":"kolba-kaljanui-daly-black-matt-ribbon-i","status":"publish","type":"product","link":"https:\/\/hookahshop.lt\/et\/toode\/kolb-vesipiibu-daly-black-matt-ribbon-i\/","title":{"rendered":"Kolb DALY Black Matt Ribbon I jaoks"},"content":{"rendered":"<h2>Kolb DALY Black Matt Ribbon I jaoks<\/h2>\n<p>See kolb on valmistatud kvaliteetsest klaasist. Kolb on \u00fcleni must ja t\u00e4nu oma matile pinnale on veelgi \u0161ikima v\u00e4rviga. Sobib peaaegu k\u00f5ikidele kaasaegsetele vesipiipudele. Kolvi k\u00fclg aitab teil vesipiipu mugavalt k\u00e4es hoida, et see k\u00e4est ei libiseks. See kolb on kaetud kvaliteetse v\u00e4rviga, mis aitab s\u00e4ilitada aja jooksul kolvi pilti, nagu oleks see uus isegi p\u00e4rast paljusid kasutusi.<\/p>\n<p><strong>Omadused:<\/strong><br \/>\nK\u00f5rgus: 266 mm<br \/>\nKaal: ~ 1550 g<br \/>\nV\u00e4lisl\u00e4bim\u00f5\u00f5t: 75 mm<br \/>\nSisel\u00e4bim\u00f5\u00f5t: 47 mm<br \/>\nToote materjal: klaas<\/p>\n<p>Kas teil on k\u00fcsimusi? v\u00f5ta meiega \u00fchendust\u00a0<a href=\"https:\/\/hookahshop.lt\/et\/kontaktid\/\">kontaktide leht<\/a>\u00a0v\u00f5i saatke meile e-kiri aadressil\u00a0<a href=\"https:\/\/facebook.com\/HookahShop.lt\/\" target=\"_blank\" rel=\"noopener noreferrer\">Facebooki konto<\/a>\u00a0ja vastame teie taotlusele samal p\u00e4eval.<\/p>","protected":false},"excerpt":{"rendered":"<p>Vesipiibu kolb DALY Black Matt Ribbon I See kolb on valmistatud kvaliteetsest klaasist. Kolb on \u00fcleni must ja t\u00e4nu oma matile pinnale on veelgi \u0161ikima v\u00e4rviga. Sobib peaaegu k\u00f5ikidele kaasaegsetele vesipiipudele. Kolvi \u00e4\u00e4ris aitab teil vesipiipu mugavalt k\u00e4es hoida, et see ei libiseks k\u00e4est. See kolb on kaetud kvaliteetse v\u00e4rviga, mis aitab aja jooksul [\u2026]<\/p>","protected":false},"featured_media":24875,"comment_status":"open","ping_status":"closed","template":"","meta":[],"_links":{"self":[{"href":"https:\/\/hookahshop.lt\/et\/wp-json\/wp\/v2\/product\/19675"}],"collection":[{"href":"https:\/\/hookahshop.lt\/et\/wp-json\/wp\/v2\/product"}],"about":[{"href":"https:\/\/hookahshop.lt\/et\/wp-json\/wp\/v2\/types\/product"}],"replies":[{"embeddable":true,"href":"https:\/\/hookahshop.lt\/et\/wp-json\/wp\/v2\/comments?post=19675"}],"version-history":[{"count":9,"href":"https:\/\/hookahshop.lt\/et\/wp-json\/wp\/v2\/product\/19675\/revisions"}],"predecessor-version":[{"id":45018,"href":"https:\/\/hookahshop.lt\/et\/wp-json\/wp\/v2\/product\/19675\/revisions\/45018"}],"wp:featuredmedia":[{"embeddable":true,"href":"https:\/\/hookahshop.lt\/et\/wp-json\/wp\/v2\/media\/24875"}],"wp:attachment":[{"href":"https:\/\/hookahshop.lt\/et\/wp-json\/wp\/v2\/media?parent=19675"}],"curies":[{"name":"wp","href":"https:\/\/api.w.org\/{rel}","templated":true}]}}