{"id":19679,"date":"2021-02-24T21:16:52","date_gmt":"2021-02-24T19:16:52","guid":{"rendered":"https:\/\/hookahshop.lt\/?post_type=product&#038;p=19679"},"modified":"2026-04-15T23:28:40","modified_gmt":"2026-04-15T20:28:40","slug":"apsauginis-sietelis-kaljanui-njn-juodas","status":"publish","type":"product","link":"https:\/\/hookahshop.lt\/et\/toode\/kaitsesoel-vesipiibulenjn-must\/","title":{"rendered":"Kaitses\u00f5el vesipiibule NJN Must"},"content":{"rendered":"<h2>Kaitses\u00f5el vesipiibule NJN Must<\/h2>\n<p>See ei lase s\u00f6el kodus suitsetamise ajal kogemata teie v\u00e4\u00e4rtuslikku vara p\u00f5letada.<\/p>\n<p><strong>Omadused:<\/strong><br \/>\nK\u00f5rgus: 200 mm.<br \/>\nL\u00e4bim\u00f5\u00f5t: 98mm.<br \/>\nKaal: umbes 100 gr.<\/p>\n<p>Kas teil on k\u00fcsimusi? v\u00f5ta meiega \u00fchendust\u00a0<a href=\"https:\/\/hookahshop.lt\/et\/kontaktid\/\">kontaktide leht<\/a>\u00a0v\u00f5i saatke meile e-kiri aadressil\u00a0<a href=\"https:\/\/facebook.com\/HookahShop.lt\/\" target=\"_blank\" rel=\"noopener noreferrer\">Facebooki konto<\/a>\u00a0ja vastame teie taotlusele samal p\u00e4eval.<\/p>","protected":false},"excerpt":{"rendered":"<p>Kaitsev s\u00f5el vesipiibu jaoks NJN Must See ei lase s\u00f6el kodus suitsetades kogemata teie v\u00e4\u00e4rtuslikku vara p\u00f5letada. Omadused: K\u00f5rgus: 200 mm. L\u00e4bim\u00f5\u00f5t: 98mm. Kaal: umbes 100 gr. Kas teil on k\u00fcsimusi? V\u00f5tke meiega \u00fchendust kontaktide lehel v\u00f5i kirjutage meile oma Facebooki kontol ja vastame teie p\u00e4ringule samal p\u00e4eval.<\/p>","protected":false},"featured_media":19680,"comment_status":"open","ping_status":"closed","template":"","meta":[],"_links":{"self":[{"href":"https:\/\/hookahshop.lt\/et\/wp-json\/wp\/v2\/product\/19679"}],"collection":[{"href":"https:\/\/hookahshop.lt\/et\/wp-json\/wp\/v2\/product"}],"about":[{"href":"https:\/\/hookahshop.lt\/et\/wp-json\/wp\/v2\/types\/product"}],"replies":[{"embeddable":true,"href":"https:\/\/hookahshop.lt\/et\/wp-json\/wp\/v2\/comments?post=19679"}],"version-history":[{"count":4,"href":"https:\/\/hookahshop.lt\/et\/wp-json\/wp\/v2\/product\/19679\/revisions"}],"predecessor-version":[{"id":28581,"href":"https:\/\/hookahshop.lt\/et\/wp-json\/wp\/v2\/product\/19679\/revisions\/28581"}],"wp:featuredmedia":[{"embeddable":true,"href":"https:\/\/hookahshop.lt\/et\/wp-json\/wp\/v2\/media\/19680"}],"wp:attachment":[{"href":"https:\/\/hookahshop.lt\/et\/wp-json\/wp\/v2\/media?parent=19679"}],"curies":[{"name":"wp","href":"https:\/\/api.w.org\/{rel}","templated":true}]}}