{"id":19689,"date":"2021-02-24T22:14:11","date_gmt":"2021-02-24T20:14:11","guid":{"rendered":"https:\/\/hookahshop.lt\/?post_type=product&#038;p=19689"},"modified":"2026-04-17T23:29:36","modified_gmt":"2026-04-17T20:29:36","slug":"taurele-kaljanui-lets-smoke-turkish-2","status":"publish","type":"product","link":"https:\/\/hookahshop.lt\/et\/toode\/tass-vesipiip-lets-smoke-turkish-2\/","title":{"rendered":"Vesipiibutass LETS SMOKE Turkish"},"content":{"rendered":"<h2>Vesipiibutass LETS SMOKE Turkish<\/h2>\n<p>Tass on valmistatud kvaliteetsest savist, nii et see jaotab soojust \u00fchtlaselt ja hoiab seda kogu suitsetamise ajal.<\/p>\n<p>Tassi maht on 14-18 grammi.<\/p>\n<p>Kas teil on k\u00fcsimusi? v\u00f5ta meiega \u00fchendust\u00a0<a href=\"https:\/\/hookahshop.lt\/et\/kontaktid\/\">kontaktide leht<\/a>\u00a0v\u00f5i saatke meile e-kiri aadressil\u00a0<a href=\"https:\/\/facebook.com\/HookahShop.lt\/\" target=\"_blank\" rel=\"noopener noreferrer\">Facebooki konto<\/a>\u00a0ja vastame teie taotlusele samal p\u00e4eval.<\/p>","protected":false},"excerpt":{"rendered":"<p>Vesipiibu tass LETS SMOKE Turkish Tass on valmistatud kvaliteetsest savist, nii et jaotab soojust \u00fchtlaselt ja hoiab seda kogu suitsetamise ajal. Tassi maht on 14-18 grammi. Kas teil on k\u00fcsimusi? V\u00f5tke meiega \u00fchendust kontaktide lehel v\u00f5i kirjutage meile oma Facebooki kontol ja vastame teie p\u00e4ringule samal p\u00e4eval.<\/p>","protected":false},"featured_media":19690,"comment_status":"open","ping_status":"closed","template":"","meta":[],"_links":{"self":[{"href":"https:\/\/hookahshop.lt\/et\/wp-json\/wp\/v2\/product\/19689"}],"collection":[{"href":"https:\/\/hookahshop.lt\/et\/wp-json\/wp\/v2\/product"}],"about":[{"href":"https:\/\/hookahshop.lt\/et\/wp-json\/wp\/v2\/types\/product"}],"replies":[{"embeddable":true,"href":"https:\/\/hookahshop.lt\/et\/wp-json\/wp\/v2\/comments?post=19689"}],"version-history":[{"count":4,"href":"https:\/\/hookahshop.lt\/et\/wp-json\/wp\/v2\/product\/19689\/revisions"}],"predecessor-version":[{"id":29540,"href":"https:\/\/hookahshop.lt\/et\/wp-json\/wp\/v2\/product\/19689\/revisions\/29540"}],"wp:featuredmedia":[{"embeddable":true,"href":"https:\/\/hookahshop.lt\/et\/wp-json\/wp\/v2\/media\/19690"}],"wp:attachment":[{"href":"https:\/\/hookahshop.lt\/et\/wp-json\/wp\/v2\/media?parent=19689"}],"curies":[{"name":"wp","href":"https:\/\/api.w.org\/{rel}","templated":true}]}}