{"id":19693,"date":"2021-02-24T22:39:33","date_gmt":"2021-02-24T20:39:33","guid":{"rendered":"https:\/\/hookahshop.lt\/?post_type=product&#038;p=19693"},"modified":"2026-04-24T23:29:26","modified_gmt":"2026-04-24T20:29:26","slug":"taurele-kaljanui-japona-hookah-butterfly","status":"publish","type":"product","link":"https:\/\/hookahshop.lt\/et\/toode\/tass-vesipiip-japona-hookah-butterfly\/","title":{"rendered":"Tass vesipiibule JAPONA HOOKAH Butterfly"},"content":{"rendered":"<h2>Tass vesipiibule JAPONA HOOKAH Butterfly<\/h2>\n<p>See vesipiibu tass on j\u00e4rjekordne Jaapani tootja meistriteos. Oman\u00e4oline v\u00e4limus lisab igale vesipiibule ilu. Tass on valmistatud punasest savist ja valminud k\u00e4sit\u00f6\u00f6na pottseparattal.<\/p>\n<p>Tassi maht 17 g.<\/p>\n<p><strong>Omadused:<\/strong><br \/>\nK\u00f5rgus: 116 mm;<br \/>\nL\u00e4bim\u00f5\u00f5t (v\u00e4limine): 75 mm;<br \/>\nL\u00e4bim\u00f5\u00f5t (sisemine): 65 mm;<br \/>\nS\u00fcgavus: 14mm;<br \/>\nAukude arv: 1 tk;<br \/>\nKaal: umbes 155 grammi.<\/p>\n<p>Kas teil on k\u00fcsimusi? v\u00f5ta meiega \u00fchendust\u00a0<a href=\"https:\/\/hookahshop.lt\/et\/kontaktid\/\">kontaktide leht<\/a>\u00a0v\u00f5i saatke meile e-kiri aadressil\u00a0<a href=\"https:\/\/facebook.com\/HookahShop.lt\/\" target=\"_blank\" rel=\"noopener noreferrer\">Facebooki konto<\/a>\u00a0ja vastame teie taotlusele samal p\u00e4eval.<\/p>\n<p>&nbsp;<\/p>","protected":false},"excerpt":{"rendered":"<p>Vesipiibutops JAPONA HOOKAH Butterfly See vesipiibutops on j\u00e4rjekordne Jaapani tootja meistriteos. Oman\u00e4oline v\u00e4limus lisab igale vesipiibule ilu. Tass on valmistatud punasest savist ja valminud k\u00e4sit\u00f6\u00f6na potikettal. Tassi maht 17 g. Omadused: K\u00f5rgus: 116 mm; L\u00e4bim\u00f5\u00f5t (v\u00e4limine): 75 mm; L\u00e4bim\u00f5\u00f5t (sisemine): 65 mm; S\u00fcgavus: 14mm; Aukude arv: 1 tk; Kaal: [\u2026]<\/p>","protected":false},"featured_media":19694,"comment_status":"open","ping_status":"closed","template":"","meta":[],"_links":{"self":[{"href":"https:\/\/hookahshop.lt\/et\/wp-json\/wp\/v2\/product\/19693"}],"collection":[{"href":"https:\/\/hookahshop.lt\/et\/wp-json\/wp\/v2\/product"}],"about":[{"href":"https:\/\/hookahshop.lt\/et\/wp-json\/wp\/v2\/types\/product"}],"replies":[{"embeddable":true,"href":"https:\/\/hookahshop.lt\/et\/wp-json\/wp\/v2\/comments?post=19693"}],"version-history":[{"count":5,"href":"https:\/\/hookahshop.lt\/et\/wp-json\/wp\/v2\/product\/19693\/revisions"}],"predecessor-version":[{"id":43016,"href":"https:\/\/hookahshop.lt\/et\/wp-json\/wp\/v2\/product\/19693\/revisions\/43016"}],"wp:featuredmedia":[{"embeddable":true,"href":"https:\/\/hookahshop.lt\/et\/wp-json\/wp\/v2\/media\/19694"}],"wp:attachment":[{"href":"https:\/\/hookahshop.lt\/et\/wp-json\/wp\/v2\/media?parent=19693"}],"curies":[{"name":"wp","href":"https:\/\/api.w.org\/{rel}","templated":true}]}}