{"id":19708,"date":"2021-02-25T18:41:36","date_gmt":"2021-02-25T16:41:36","guid":{"rendered":"https:\/\/hookahshop.lt\/?post_type=product&#038;p=19708"},"modified":"2026-04-17T23:29:42","modified_gmt":"2026-04-17T20:29:42","slug":"zarna-silikonine-njn-juoda","status":"publish","type":"product","link":"https:\/\/hookahshop.lt\/et\/toode\/silikoonvoolik-njn-must\/","title":{"rendered":"Silikoonvoolik NJN Must"},"content":{"rendered":"<h2>Silikoonvoolik NJN Must<\/h2>\n<p>Voolik on valmistatud meditsiinilisest silikoonist antistaatilise kattega &quot;Soft-Touch&quot; ja sellel pole v\u00f5\u00f5rast l\u00f5hna. Nende omadustega j\u00e4\u00e4b voolik paindlikuks.<\/p>\n<p><strong>Omadused:<\/strong><br \/>\nPikkus: 1500mm.<br \/>\nV\u00e4lisl\u00e4bim\u00f5\u00f5t: 17mm.<br \/>\nVooliku sisel\u00e4bim\u00f5\u00f5t: 11mm.<br \/>\nKate: pehme puudutus.<br \/>\nKaal: umbes 250 grammi.<\/p>\n<p>Kas teil on k\u00fcsimusi? v\u00f5ta meiega \u00fchendust\u00a0<a href=\"https:\/\/hookahshop.lt\/et\/kontaktid\/\">kontaktide leht<\/a>\u00a0v\u00f5i saatke meile e-kiri aadressil\u00a0<a href=\"https:\/\/facebook.com\/HookahShop.lt\/\" target=\"_blank\" rel=\"noopener noreferrer\">Facebooki konto<\/a>\u00a0ja vastame teie taotlusele samal p\u00e4eval.<\/p>","protected":false},"excerpt":{"rendered":"<p>Silikoonvoolik NJN Must Voolik on valmistatud meditsiinilisest silikoonist antistaatilise kattega &quot;Soft-Touch&quot; ja sellel pole v\u00f5\u00f5rast l\u00f5hna. Nende omadustega j\u00e4\u00e4b voolik paindlikuks. Omadused: Pikkus: 1500mm. V\u00e4lisl\u00e4bim\u00f5\u00f5t: 17mm. Vooliku sisel\u00e4bim\u00f5\u00f5t: 11mm. Kate: pehme puudutus. Kaal: umbes 250 grammi. Kas teil on k\u00fcsimusi? V\u00f5tke meiega \u00fchendust kontaktide lehel v\u00f5i kirjutage meile oma Facebooki kontol ja me vastame teie p\u00e4ringule l\u00e4hemalt [\u2026]<\/p>","protected":false},"featured_media":19713,"comment_status":"open","ping_status":"closed","template":"","meta":[],"_links":{"self":[{"href":"https:\/\/hookahshop.lt\/et\/wp-json\/wp\/v2\/product\/19708"}],"collection":[{"href":"https:\/\/hookahshop.lt\/et\/wp-json\/wp\/v2\/product"}],"about":[{"href":"https:\/\/hookahshop.lt\/et\/wp-json\/wp\/v2\/types\/product"}],"replies":[{"embeddable":true,"href":"https:\/\/hookahshop.lt\/et\/wp-json\/wp\/v2\/comments?post=19708"}],"version-history":[{"count":6,"href":"https:\/\/hookahshop.lt\/et\/wp-json\/wp\/v2\/product\/19708\/revisions"}],"predecessor-version":[{"id":45688,"href":"https:\/\/hookahshop.lt\/et\/wp-json\/wp\/v2\/product\/19708\/revisions\/45688"}],"wp:featuredmedia":[{"embeddable":true,"href":"https:\/\/hookahshop.lt\/et\/wp-json\/wp\/v2\/media\/19713"}],"wp:attachment":[{"href":"https:\/\/hookahshop.lt\/et\/wp-json\/wp\/v2\/media?parent=19708"}],"curies":[{"name":"wp","href":"https:\/\/api.w.org\/{rel}","templated":true}]}}