{"id":19718,"date":"2021-02-25T20:00:31","date_gmt":"2021-02-25T18:00:31","guid":{"rendered":"https:\/\/hookahshop.lt\/?post_type=product&#038;p=19718"},"modified":"2026-04-20T23:28:48","modified_gmt":"2026-04-20T20:28:48","slug":"individualus-kaljano-kandiklis-japona","status":"publish","type":"product","link":"https:\/\/hookahshop.lt\/et\/toode\/individuaalne-vesipiip-huulik-jaapan\/","title":{"rendered":"Individuaalne vesipiibu huulik Jaapan"},"content":{"rendered":"<h2>Individuaalne vesipiibu huulik Jaapan<\/h2>\n<p>Suuosa graveeritud messingr\u00f5ngaga, puitdekoor (saar). Br\u00e4ndilindile kinnitatud karabiini ja japonahooka hierogl\u00fc\u00fcfi kujutisega, kullatud medaljoniga.<\/p>\n<p>Kas teil on k\u00fcsimusi? v\u00f5ta meiega \u00fchendust\u00a0<a href=\"https:\/\/hookahshop.lt\/et\/kontaktid\/\">kontaktide leht<\/a>\u00a0v\u00f5i saatke meile e-kiri aadressil\u00a0<a href=\"https:\/\/facebook.com\/HookahShop.lt\/\" target=\"_blank\" rel=\"noopener noreferrer\">Facebooki konto<\/a>\u00a0ja vastame teie taotlusele samal p\u00e4eval.<\/p>","protected":false},"excerpt":{"rendered":"<p>Individuaalne vesipiibu huulik JAPONA Suuosa graveeritud messingist r\u00f5ngaga, puitdekooriga (tuhk). Br\u00e4ndiribale kinnitatud karabiini ja japonahooka hierogl\u00fc\u00fcfi kujutisega, kullatud medaljoniga. Kas teil on k\u00fcsimusi? V\u00f5tke meiega \u00fchendust kontaktide lehel v\u00f5i kirjutage meile oma Facebooki kontol ja vastame teie p\u00e4ringule samal p\u00e4eval.<\/p>","protected":false},"featured_media":19720,"comment_status":"open","ping_status":"closed","template":"","meta":[],"_links":{"self":[{"href":"https:\/\/hookahshop.lt\/et\/wp-json\/wp\/v2\/product\/19718"}],"collection":[{"href":"https:\/\/hookahshop.lt\/et\/wp-json\/wp\/v2\/product"}],"about":[{"href":"https:\/\/hookahshop.lt\/et\/wp-json\/wp\/v2\/types\/product"}],"replies":[{"embeddable":true,"href":"https:\/\/hookahshop.lt\/et\/wp-json\/wp\/v2\/comments?post=19718"}],"version-history":[{"count":5,"href":"https:\/\/hookahshop.lt\/et\/wp-json\/wp\/v2\/product\/19718\/revisions"}],"predecessor-version":[{"id":44065,"href":"https:\/\/hookahshop.lt\/et\/wp-json\/wp\/v2\/product\/19718\/revisions\/44065"}],"wp:featuredmedia":[{"embeddable":true,"href":"https:\/\/hookahshop.lt\/et\/wp-json\/wp\/v2\/media\/19720"}],"wp:attachment":[{"href":"https:\/\/hookahshop.lt\/et\/wp-json\/wp\/v2\/media?parent=19718"}],"curies":[{"name":"wp","href":"https:\/\/api.w.org\/{rel}","templated":true}]}}