{"id":19725,"date":"2021-02-25T20:13:15","date_gmt":"2021-02-25T18:13:15","guid":{"rendered":"https:\/\/hookahshop.lt\/?post_type=product&#038;p=19725"},"modified":"2026-04-17T23:29:10","modified_gmt":"2026-04-17T20:29:10","slug":"individualus-kaljano-kandiklis-lets-smoke","status":"publish","type":"product","link":"https:\/\/hookahshop.lt\/et\/toode\/individuaalne-vesipiibu-huulik-lets-smoke\/","title":{"rendered":"Individuaalne vesipiibu huulik LASEB SUITSETADA"},"content":{"rendered":"<h2>Individuaalne vesipiibu huulik LASEB SUITSETADA<\/h2>\n<p>See on kauni disainiga kvaliteetplastist valmistatud isiklik huulik, seega on see t\u00e4iesti ohutu.<\/p>\n<p>Kas teil on k\u00fcsimusi? v\u00f5ta meiega \u00fchendust\u00a0<a href=\"https:\/\/hookahshop.lt\/et\/kontaktid\/\">kontaktide leht<\/a>\u00a0v\u00f5i saatke meile e-kiri aadressil\u00a0<a href=\"https:\/\/facebook.com\/HookahShop.lt\/\" target=\"_blank\" rel=\"noopener noreferrer\">Facebooki konto<\/a>\u00a0ja vastame teie taotlusele samal p\u00e4eval.<\/p>","protected":false},"excerpt":{"rendered":"<p>Individuaalne vesipiibu huulik LETS SMOKE See on h\u00e4sti disainitud ja kvaliteetsest plastikust valmistatud isiklik huulik, seega on see t\u00e4iesti ohutu. Kas teil on k\u00fcsimusi? V\u00f5tke meiega \u00fchendust kontaktide lehel v\u00f5i kirjutage meile oma Facebooki kontol ja vastame teie p\u00e4ringule samal p\u00e4eval.<\/p>","protected":false},"featured_media":19727,"comment_status":"open","ping_status":"closed","template":"","meta":[],"_links":{"self":[{"href":"https:\/\/hookahshop.lt\/et\/wp-json\/wp\/v2\/product\/19725"}],"collection":[{"href":"https:\/\/hookahshop.lt\/et\/wp-json\/wp\/v2\/product"}],"about":[{"href":"https:\/\/hookahshop.lt\/et\/wp-json\/wp\/v2\/types\/product"}],"replies":[{"embeddable":true,"href":"https:\/\/hookahshop.lt\/et\/wp-json\/wp\/v2\/comments?post=19725"}],"version-history":[{"count":5,"href":"https:\/\/hookahshop.lt\/et\/wp-json\/wp\/v2\/product\/19725\/revisions"}],"predecessor-version":[{"id":29325,"href":"https:\/\/hookahshop.lt\/et\/wp-json\/wp\/v2\/product\/19725\/revisions\/29325"}],"wp:featuredmedia":[{"embeddable":true,"href":"https:\/\/hookahshop.lt\/et\/wp-json\/wp\/v2\/media\/19727"}],"wp:attachment":[{"href":"https:\/\/hookahshop.lt\/et\/wp-json\/wp\/v2\/media?parent=19725"}],"curies":[{"name":"wp","href":"https:\/\/api.w.org\/{rel}","templated":true}]}}