{"id":19732,"date":"2021-02-25T20:41:19","date_gmt":"2021-02-25T18:41:19","guid":{"rendered":"https:\/\/hookahshop.lt\/?post_type=product&#038;p=19732"},"modified":"2026-04-17T23:29:41","modified_gmt":"2026-04-17T20:29:41","slug":"vienkartiniai-kandikliai-kaljanui-arma-3cm-100vnt-black","status":"publish","type":"product","link":"https:\/\/hookahshop.lt\/et\/toode\/uhekordsed-konksud-vesipiibule-arma-3cm-100vnt-black\/","title":{"rendered":"\u00dchekordsed konksud vesipiibule ARMA 3cm 100tk Must"},"content":{"rendered":"<h2>\u00dchekordsed konksud vesipiibule ARMA 3cm 100tk Must<\/h2>\n<p>\u00dcks pakend sisaldab 100 tk. must \u00fchekordne huulik vesipiibu jaoks. Valmistatud kvaliteetsest plastikust, nii et k\u00f5ik on ohutud.<\/p>\n<p>Kas teil on k\u00fcsimusi? v\u00f5ta meiega \u00fchendust\u00a0<a href=\"https:\/\/hookahshop.lt\/et\/kontaktid\/\">kontaktide leht<\/a>\u00a0v\u00f5i saatke meile e-kiri aadressil\u00a0<a href=\"https:\/\/facebook.com\/HookahShop.lt\/\" target=\"_blank\" rel=\"noopener noreferrer\">Facebooki konto<\/a> ja vastame teie taotlusele samal p\u00e4eval.<\/p>\n<p>&nbsp;<\/p>","protected":false},"excerpt":{"rendered":"<p>\u00dchekordsed konksud vesipiibu jaoks ARMA 3cm 100tk Black One pakis on 100tk. must \u00fchekordne huulik vesipiibu jaoks. Valmistatud kvaliteetsest plastikust, nii et k\u00f5ik on ohutud. Kas teil on k\u00fcsimusi? V\u00f5tke meiega \u00fchendust kontaktide lehel v\u00f5i kirjutage meile oma Facebooki kontol ja vastame teie p\u00e4ringule samal p\u00e4eval. &nbsp;<\/p>","protected":false},"featured_media":19737,"comment_status":"open","ping_status":"closed","template":"","meta":[],"_links":{"self":[{"href":"https:\/\/hookahshop.lt\/et\/wp-json\/wp\/v2\/product\/19732"}],"collection":[{"href":"https:\/\/hookahshop.lt\/et\/wp-json\/wp\/v2\/product"}],"about":[{"href":"https:\/\/hookahshop.lt\/et\/wp-json\/wp\/v2\/types\/product"}],"replies":[{"embeddable":true,"href":"https:\/\/hookahshop.lt\/et\/wp-json\/wp\/v2\/comments?post=19732"}],"version-history":[{"count":4,"href":"https:\/\/hookahshop.lt\/et\/wp-json\/wp\/v2\/product\/19732\/revisions"}],"predecessor-version":[{"id":29327,"href":"https:\/\/hookahshop.lt\/et\/wp-json\/wp\/v2\/product\/19732\/revisions\/29327"}],"wp:featuredmedia":[{"embeddable":true,"href":"https:\/\/hookahshop.lt\/et\/wp-json\/wp\/v2\/media\/19737"}],"wp:attachment":[{"href":"https:\/\/hookahshop.lt\/et\/wp-json\/wp\/v2\/media?parent=19732"}],"curies":[{"name":"wp","href":"https:\/\/api.w.org\/{rel}","templated":true}]}}