{"id":19746,"date":"2021-02-26T16:11:02","date_gmt":"2021-02-26T14:11:02","guid":{"rendered":"https:\/\/hookahshop.lt\/?post_type=product&#038;p=19746"},"modified":"2026-04-22T23:29:06","modified_gmt":"2026-04-22T20:29:06","slug":"kaljanas-voodoo-micro-black","status":"publish","type":"product","link":"https:\/\/hookahshop.lt\/et\/toode\/vesipiip-voodoo-micro-black\/","title":{"rendered":"Kaljanas VOODOO Micro Black"},"content":{"rendered":"<h2>Kaljanas VOODOO Micro Black<\/h2>\n<p>Tegemist on kvaliteetse ja v\u00e4ikese suurusega vesipiibuga. Valmistatud roostevabast terasest, anodeeritud alumiiniumist ja kvaliteetsest pol\u00fcmeerist. See paistab silma oma suuruse poolest, k\u00f5igest 34 cm, on praktiline, nii et saate selle reisile v\u00f5i puhkusele kaasa v\u00f5tta.<\/p>\n<p>Kas teil on k\u00fcsimusi? v\u00f5ta meiega \u00fchendust\u00a0<a href=\"https:\/\/hookahshop.lt\/et\/kontaktid\/\">kontaktide leht<\/a>\u00a0v\u00f5i saatke meile e-kiri aadressil\u00a0<a href=\"https:\/\/facebook.com\/HookahShop.lt\/\" target=\"_blank\" rel=\"noopener noreferrer\">Facebooki konto<\/a>\u00a0ja vastame teie taotlusele samal p\u00e4eval.<\/p>","protected":false},"excerpt":{"rendered":"<p>Vesipiip VOODOO Micro Black See on kvaliteetne ja v\u00e4ikese suurusega vesipiip. Valmistatud roostevabast terasest, anodeeritud alumiiniumist ja kvaliteetsest pol\u00fcmeerist. See paistab silma oma suuruse poolest, k\u00f5igest 34 cm, on praktiline, nii et saate selle reisile v\u00f5i puhkusele kaasa v\u00f5tta. Kas teil on k\u00fcsimusi? V\u00f5tke meiega \u00fchendust kontaktide lehel v\u00f5i kirjutage meile oma Facebooki kontol ja me vastame teie p\u00e4ringule l\u00e4hemalt [\u2026]<\/p>","protected":false},"featured_media":19747,"comment_status":"open","ping_status":"closed","template":"","meta":[],"_links":{"self":[{"href":"https:\/\/hookahshop.lt\/et\/wp-json\/wp\/v2\/product\/19746"}],"collection":[{"href":"https:\/\/hookahshop.lt\/et\/wp-json\/wp\/v2\/product"}],"about":[{"href":"https:\/\/hookahshop.lt\/et\/wp-json\/wp\/v2\/types\/product"}],"replies":[{"embeddable":true,"href":"https:\/\/hookahshop.lt\/et\/wp-json\/wp\/v2\/comments?post=19746"}],"version-history":[{"count":3,"href":"https:\/\/hookahshop.lt\/et\/wp-json\/wp\/v2\/product\/19746\/revisions"}],"predecessor-version":[{"id":22661,"href":"https:\/\/hookahshop.lt\/et\/wp-json\/wp\/v2\/product\/19746\/revisions\/22661"}],"wp:featuredmedia":[{"embeddable":true,"href":"https:\/\/hookahshop.lt\/et\/wp-json\/wp\/v2\/media\/19747"}],"wp:attachment":[{"href":"https:\/\/hookahshop.lt\/et\/wp-json\/wp\/v2\/media?parent=19746"}],"curies":[{"name":"wp","href":"https:\/\/api.w.org\/{rel}","templated":true}]}}