{"id":19750,"date":"2021-02-26T16:18:56","date_gmt":"2021-02-26T14:18:56","guid":{"rendered":"https:\/\/hookahshop.lt\/?post_type=product&#038;p=19750"},"modified":"2026-04-14T23:28:57","modified_gmt":"2026-04-14T20:28:57","slug":"kaljanas-voodoo-micro-blue-black","status":"publish","type":"product","link":"https:\/\/hookahshop.lt\/et\/toode\/vesipiip-voodoo-micro-blue-black\/","title":{"rendered":"Kaljanas VOODOO Micro Sinine-Must"},"content":{"rendered":"<h2>Kaljanas VOODOO Micro Sinine-Must<\/h2>\n<p>Tegemist on kvaliteetse ja v\u00e4ikese suurusega vesipiibuga. Valmistatud roostevabast terasest, anodeeritud alumiiniumist ja kvaliteetsest pol\u00fcmeerist. See paistab silma oma suuruse poolest, k\u00f5igest 34 cm, on praktiline, nii et saate selle reisile v\u00f5i puhkusele kaasa v\u00f5tta.<\/p>\n<p>Kas teil on k\u00fcsimusi? v\u00f5ta meiega \u00fchendust\u00a0<a href=\"https:\/\/hookahshop.lt\/et\/kontaktid\/\">kontaktide leht<\/a>\u00a0v\u00f5i saatke meile e-kiri aadressil\u00a0<a href=\"https:\/\/facebook.com\/HookahShop.lt\/\" target=\"_blank\" rel=\"noopener noreferrer\">Facebooki konto<\/a>\u00a0ja vastame teie taotlusele samal p\u00e4eval.<\/p>","protected":false},"excerpt":{"rendered":"<p>Vesipiip VOODOO Micro Blue-Black See on kvaliteetne ja v\u00e4ikese suurusega vesipiip. Valmistatud roostevabast terasest, anodeeritud alumiiniumist ja kvaliteetsest pol\u00fcmeerist. See paistab silma oma suuruse poolest, k\u00f5igest 34 cm, on praktiline, nii et saate selle reisile v\u00f5i puhkusele kaasa v\u00f5tta. Kas teil on k\u00fcsimusi? V\u00f5tke meiega \u00fchendust kontaktide lehel v\u00f5i kirjutage meile oma Facebooki kontol ja me vastame teie p\u00e4ringule l\u00e4hemalt [\u2026]<\/p>","protected":false},"featured_media":19765,"comment_status":"open","ping_status":"closed","template":"","meta":[],"_links":{"self":[{"href":"https:\/\/hookahshop.lt\/et\/wp-json\/wp\/v2\/product\/19750"}],"collection":[{"href":"https:\/\/hookahshop.lt\/et\/wp-json\/wp\/v2\/product"}],"about":[{"href":"https:\/\/hookahshop.lt\/et\/wp-json\/wp\/v2\/types\/product"}],"replies":[{"embeddable":true,"href":"https:\/\/hookahshop.lt\/et\/wp-json\/wp\/v2\/comments?post=19750"}],"version-history":[{"count":3,"href":"https:\/\/hookahshop.lt\/et\/wp-json\/wp\/v2\/product\/19750\/revisions"}],"predecessor-version":[{"id":22662,"href":"https:\/\/hookahshop.lt\/et\/wp-json\/wp\/v2\/product\/19750\/revisions\/22662"}],"wp:featuredmedia":[{"embeddable":true,"href":"https:\/\/hookahshop.lt\/et\/wp-json\/wp\/v2\/media\/19765"}],"wp:attachment":[{"href":"https:\/\/hookahshop.lt\/et\/wp-json\/wp\/v2\/media?parent=19750"}],"curies":[{"name":"wp","href":"https:\/\/api.w.org\/{rel}","templated":true}]}}