{"id":19937,"date":"2021-03-04T21:24:18","date_gmt":"2021-03-04T19:24:18","guid":{"rendered":"https:\/\/hookahshop.lt\/?post_type=product&#038;p=19937"},"modified":"2026-04-19T23:28:47","modified_gmt":"2026-04-19T20:28:47","slug":"anglys-kaljanui-oasis-25mm-1kg","status":"publish","type":"product","link":"https:\/\/hookahshop.lt\/et\/toode\/susi-vesipiibule-oasis-25mm-1kg\/","title":{"rendered":"S\u00fcsi vesipiibule OASIS 25mm 1kg"},"content":{"rendered":"<h2>S\u00fcsi vesipiibule OASIS 25mm 1kg<\/h2>\n<p>S\u00fcsi on valmistatud 100% looduslikust toorainest ainulaadse valemi j\u00e4rgi, puus\u00fcsi tagab k\u00f5rge kuumuse ning v\u00f5\u00f5raste l\u00f5hnade ja maitsete puudumise, samuti ei j\u00e4ta see palju tuhka. Nende esmaklassiliste s\u00f6etega v\u00f5ite olla kindel t\u00e4ielikus keskkonnas\u00f5bralikkuses. S\u00f6e p\u00f5letamiseks on vaja elektripliiti vesipiibu jaoks, turistigaasipliiti vms.<\/p>\n<p>Kas teil on k\u00fcsimusi? v\u00f5ta meiega \u00fchendust\u00a0<a href=\"https:\/\/hookahshop.lt\/et\/kontaktid\/\">kontaktide leht<\/a>\u00a0v\u00f5i saatke meile e-kiri aadressil\u00a0<a href=\"https:\/\/facebook.com\/HookahShop.lt\/\" target=\"_blank\" rel=\"noopener noreferrer\">Facebooki konto<\/a>\u00a0ja vastame teie taotlusele samal p\u00e4eval.<\/p>","protected":false},"excerpt":{"rendered":"<p>S\u00fcsi vesipiibu jaoks OASIS 25mm 1kg S\u00fcsi on valmistatud 100% looduslikust toorainest ainulaadse valemi j\u00e4rgi. Nende esmaklassiliste s\u00f6etega v\u00f5ite olla kindel t\u00e4ielikus keskkonnas\u00f5bralikkuses. S\u00f6e p\u00f5letamiseks on vaja elektripliiti vesipiibu jaoks, turistigaasi pliiti jne. Kas teil on k\u00fcsimusi? [\u2026]<\/p>","protected":false},"featured_media":19938,"comment_status":"open","ping_status":"closed","template":"","meta":[],"_links":{"self":[{"href":"https:\/\/hookahshop.lt\/et\/wp-json\/wp\/v2\/product\/19937"}],"collection":[{"href":"https:\/\/hookahshop.lt\/et\/wp-json\/wp\/v2\/product"}],"about":[{"href":"https:\/\/hookahshop.lt\/et\/wp-json\/wp\/v2\/types\/product"}],"replies":[{"embeddable":true,"href":"https:\/\/hookahshop.lt\/et\/wp-json\/wp\/v2\/comments?post=19937"}],"version-history":[{"count":2,"href":"https:\/\/hookahshop.lt\/et\/wp-json\/wp\/v2\/product\/19937\/revisions"}],"predecessor-version":[{"id":20557,"href":"https:\/\/hookahshop.lt\/et\/wp-json\/wp\/v2\/product\/19937\/revisions\/20557"}],"wp:featuredmedia":[{"embeddable":true,"href":"https:\/\/hookahshop.lt\/et\/wp-json\/wp\/v2\/media\/19938"}],"wp:attachment":[{"href":"https:\/\/hookahshop.lt\/et\/wp-json\/wp\/v2\/media?parent=19937"}],"curies":[{"name":"wp","href":"https:\/\/api.w.org\/{rel}","templated":true}]}}