{"id":19941,"date":"2021-03-04T21:32:47","date_gmt":"2021-03-04T19:32:47","guid":{"rendered":"https:\/\/hookahshop.lt\/?post_type=product&#038;p=19941"},"modified":"2026-04-17T23:29:09","modified_gmt":"2026-04-17T20:29:09","slug":"anglys-kaljanui-oasis-kaloud-edition-1kg","status":"publish","type":"product","link":"https:\/\/hookahshop.lt\/et\/toode\/susi-vesipiibule-oasis-kaloud-edition-1kg\/","title":{"rendered":"S\u00fcsi vesipiibule OASIS Kaloud Edition 1kg"},"content":{"rendered":"<h2>S\u00fcsi vesipiibule OASIS Kaloud Edition 1kg<\/h2>\n<p>Tootja on v\u00e4lja t\u00f6\u00f6tanud spetsiaalse kujuga s\u00fcsinikud, mis sobivad ideaalselt ja sobivad kuumakambrisse. S\u00fcsi on valmistatud 100% looduslikust toorainest ainulaadse valemi j\u00e4rgi, puus\u00fcsi tagab k\u00f5rge kuumuse ning v\u00f5\u00f5raste l\u00f5hnade ja maitsete puudumise, samuti ei j\u00e4ta see palju tuhka. Nende esmaklassiliste s\u00f6etega v\u00f5ite olla kindel t\u00e4ielikus keskkonnas\u00f5bralikkuses.<\/p>\n<p>Kas teil on k\u00fcsimusi? v\u00f5ta meiega \u00fchendust\u00a0<a href=\"https:\/\/hookahshop.lt\/et\/kontaktid\/\">kontaktide leht<\/a>\u00a0v\u00f5i saatke meile e-kiri aadressil\u00a0<a href=\"https:\/\/facebook.com\/HookahShop.lt\/\" target=\"_blank\" rel=\"noopener noreferrer\">Facebooki konto<\/a>\u00a0ja vastame teie taotlusele samal p\u00e4eval.<\/p>","protected":false},"excerpt":{"rendered":"<p>S\u00fcsi vesipiibu jaoks OASIS Kaloud Edition 1kg Tootja on loonud spetsiaalse kujuga s\u00f6e, mis sobib ideaalselt ja sobib kuumakambrisse. S\u00fcsi on valmistatud 100% looduslikust toorainest unikaalse valemi j\u00e4rgi, s\u00fcsi tagab k\u00f5rge kuumuse ning k\u00f5rvaliste l\u00f5hnade ja maitsete puudumise, samuti ei j\u00e4ta see palju tuhka. Nende esmaklassiliste s\u00f6etega v\u00f5ite olla kindel t\u00e4ielikus keskkonnas\u00f5bralikkuses. Sul on [\u2026]<\/p>","protected":false},"featured_media":19942,"comment_status":"open","ping_status":"closed","template":"","meta":[],"_links":{"self":[{"href":"https:\/\/hookahshop.lt\/et\/wp-json\/wp\/v2\/product\/19941"}],"collection":[{"href":"https:\/\/hookahshop.lt\/et\/wp-json\/wp\/v2\/product"}],"about":[{"href":"https:\/\/hookahshop.lt\/et\/wp-json\/wp\/v2\/types\/product"}],"replies":[{"embeddable":true,"href":"https:\/\/hookahshop.lt\/et\/wp-json\/wp\/v2\/comments?post=19941"}],"version-history":[{"count":2,"href":"https:\/\/hookahshop.lt\/et\/wp-json\/wp\/v2\/product\/19941\/revisions"}],"predecessor-version":[{"id":20558,"href":"https:\/\/hookahshop.lt\/et\/wp-json\/wp\/v2\/product\/19941\/revisions\/20558"}],"wp:featuredmedia":[{"embeddable":true,"href":"https:\/\/hookahshop.lt\/et\/wp-json\/wp\/v2\/media\/19942"}],"wp:attachment":[{"href":"https:\/\/hookahshop.lt\/et\/wp-json\/wp\/v2\/media?parent=19941"}],"curies":[{"name":"wp","href":"https:\/\/api.w.org\/{rel}","templated":true}]}}