{"id":19962,"date":"2021-03-05T22:07:36","date_gmt":"2021-03-05T20:07:36","guid":{"rendered":"https:\/\/hookahshop.lt\/?post_type=product&#038;p=19962"},"modified":"2026-04-17T23:29:09","modified_gmt":"2026-04-17T20:29:09","slug":"gaubtas-taureles-kaitinimui-blade-hookah","status":"publish","type":"product","link":"https:\/\/hookahshop.lt\/et\/toode\/kapuuts-topsid-soojendus-tera-vesipiip\/","title":{"rendered":"Tass k\u00fctteks TERA KOOK"},"content":{"rendered":"<h2>Tass k\u00fctteks TERA KOOK<\/h2>\n<p>Kaitseb tuule eest \u00f5ues vesipiibu seanssi nautides. Seda saab kasutada kaitseks s\u00f6e kukkumise eest, samuti kiirendab vesipiibu ettevalmistusaega, seega on s\u00f6ed soovitav kasutada seansi alguses. T\u00e4nu k\u00fclgede sissel\u00f5igetele s\u00f6ed ei kustu, aga ei osta.<\/p>\n<p>Kas teil on k\u00fcsimusi? v\u00f5ta meiega \u00fchendust\u00a0<a href=\"https:\/\/hookahshop.lt\/et\/kontaktid\/\">kontaktide leht<\/a>\u00a0v\u00f5i saatke meile e-kiri aadressil\u00a0<a href=\"https:\/\/facebook.com\/HookahShop.lt\/\" target=\"_blank\" rel=\"noopener noreferrer\">Facebooki konto<\/a>\u00a0ja vastame teie taotlusele samal p\u00e4eval.<\/p>","protected":false},"excerpt":{"rendered":"<p>Kapuuts soojendamiseks BLADE HOOKAH Kaitseb tuule eest \u00f5ues vesipiibu seanssi nautides. Seda saab kasutada nii kaitseks s\u00f6e kukkumise eest, kui ka kiirendab vesipiibu ettevalmistusaega, seega on soovitav s\u00fctt kasutada seansi alguses. T\u00e4nu k\u00fclgedel olevatele s\u00e4lkudele s\u00f6ed ei kustu, aga ei osta. Kas teil on k\u00fcsimusi? V\u00f5tke meiega \u00fchendust kontaktide lehel v\u00f5i kirjutage meile oma Facebooki kontol ja me vastame teie p\u00e4ringule l\u00e4hemalt [\u2026]<\/p>","protected":false},"featured_media":19963,"comment_status":"open","ping_status":"closed","template":"","meta":[],"_links":{"self":[{"href":"https:\/\/hookahshop.lt\/et\/wp-json\/wp\/v2\/product\/19962"}],"collection":[{"href":"https:\/\/hookahshop.lt\/et\/wp-json\/wp\/v2\/product"}],"about":[{"href":"https:\/\/hookahshop.lt\/et\/wp-json\/wp\/v2\/types\/product"}],"replies":[{"embeddable":true,"href":"https:\/\/hookahshop.lt\/et\/wp-json\/wp\/v2\/comments?post=19962"}],"version-history":[{"count":4,"href":"https:\/\/hookahshop.lt\/et\/wp-json\/wp\/v2\/product\/19962\/revisions"}],"predecessor-version":[{"id":33073,"href":"https:\/\/hookahshop.lt\/et\/wp-json\/wp\/v2\/product\/19962\/revisions\/33073"}],"wp:featuredmedia":[{"embeddable":true,"href":"https:\/\/hookahshop.lt\/et\/wp-json\/wp\/v2\/media\/19963"}],"wp:attachment":[{"href":"https:\/\/hookahshop.lt\/et\/wp-json\/wp\/v2\/media?parent=19962"}],"curies":[{"name":"wp","href":"https:\/\/api.w.org\/{rel}","templated":true}]}}