{"id":19966,"date":"2021-03-05T22:20:27","date_gmt":"2021-03-05T20:20:27","guid":{"rendered":"https:\/\/hookahshop.lt\/?post_type=product&#038;p=19966"},"modified":"2026-04-14T23:29:01","modified_gmt":"2026-04-14T20:29:01","slug":"kaljano-tarpines-o-formos","status":"publish","type":"product","link":"https:\/\/hookahshop.lt\/et\/toode\/vesipiibu-vahe-o-kuju\/","title":{"rendered":"Vesipiibu vahepealsed O-kujundid"},"content":{"rendered":"<h2>Vesipiibu vahepealsed O-kujundid<\/h2>\n<p>O-r\u00f5ngaste komplekt. Need r\u00f5ngad on m\u00f5eldud vesipiibu vooliku v\u00f5i muude keermestatud osade tihendamiseks. Komplektis on 5 \u00fchikut.<\/p>\n<p>Suurused: alates 1cm ja suuremad.<\/p>\n<p>Kas teil on k\u00fcsimusi? v\u00f5ta meiega \u00fchendust\u00a0<a href=\"https:\/\/hookahshop.lt\/et\/kontaktid\/\">kontaktide leht<\/a>\u00a0v\u00f5i saatke meile e-kiri aadressil\u00a0<a href=\"https:\/\/facebook.com\/HookahShop.lt\/\" target=\"_blank\" rel=\"noopener noreferrer\">Facebooki konto<\/a>\u00a0ja vastame teie taotlusele samal p\u00e4eval.<\/p>\n<p>&nbsp;<\/p>","protected":false},"excerpt":{"rendered":"<p>Vesipiibu vahepealse O-r\u00f5nga O-r\u00f5nga komplekt. Need r\u00f5ngad on ette n\u00e4htud vesipiibu vooliku v\u00f5i muude keermestatud osade tihedaks \u00fchendamiseks. Komplektis on 5 tk. Suurused: alates 1cm ja suuremad. Kas teil on k\u00fcsimusi? V\u00f5tke meiega \u00fchendust kontaktide lehel v\u00f5i kirjutage meile meie Facebooki kontol ja vastame teie p\u00e4ringule samal p\u00e4eval. &nbsp;<\/p>","protected":false},"featured_media":19967,"comment_status":"open","ping_status":"closed","template":"","meta":[],"_links":{"self":[{"href":"https:\/\/hookahshop.lt\/et\/wp-json\/wp\/v2\/product\/19966"}],"collection":[{"href":"https:\/\/hookahshop.lt\/et\/wp-json\/wp\/v2\/product"}],"about":[{"href":"https:\/\/hookahshop.lt\/et\/wp-json\/wp\/v2\/types\/product"}],"replies":[{"embeddable":true,"href":"https:\/\/hookahshop.lt\/et\/wp-json\/wp\/v2\/comments?post=19966"}],"version-history":[{"count":4,"href":"https:\/\/hookahshop.lt\/et\/wp-json\/wp\/v2\/product\/19966\/revisions"}],"predecessor-version":[{"id":45467,"href":"https:\/\/hookahshop.lt\/et\/wp-json\/wp\/v2\/product\/19966\/revisions\/45467"}],"wp:featuredmedia":[{"embeddable":true,"href":"https:\/\/hookahshop.lt\/et\/wp-json\/wp\/v2\/media\/19967"}],"wp:attachment":[{"href":"https:\/\/hookahshop.lt\/et\/wp-json\/wp\/v2\/media?parent=19966"}],"curies":[{"name":"wp","href":"https:\/\/api.w.org\/{rel}","templated":true}]}}