{"id":19970,"date":"2021-03-05T22:36:26","date_gmt":"2021-03-05T20:36:26","guid":{"rendered":"https:\/\/hookahshop.lt\/?post_type=product&#038;p=19970"},"modified":"2026-04-16T23:29:35","modified_gmt":"2026-04-16T20:29:35","slug":"taurele-kaljanui-kaloud-samsaris-vitria-ii","status":"publish","type":"product","link":"https:\/\/hookahshop.lt\/et\/toode\/tass-vesipiip-kaloud-samsaris-vitria-ii\/","title":{"rendered":"Tass vesipiibule KALOUD Samsaris Vitria II"},"content":{"rendered":"<h2>Tass vesipiibule KALOUD Samsaris Vitria II<\/h2>\n<p>Tassi iseloomustab erakordne disain ja kvaliteet. See on valmistatud FDA (USA toidu- ja ravimiameti) heakskiidetud mittetoksilisest silikoonist, mis muudab tassi kasutamise ohutuks. V\u00e4ga lihtne pakkida ja puhastada. Tass ei n\u00f5ua t\u00e4iendava tihendi kasutamist, kuna on valmistatud silikoonist ja haakub suurep\u00e4raselt konksu k\u00fclge.<\/p>\n<p>Kas teil on k\u00fcsimusi? v\u00f5ta meiega \u00fchendust\u00a0<a href=\"https:\/\/hookahshop.lt\/et\/kontaktid\/\">kontaktide leht<\/a>\u00a0v\u00f5i saatke meile e-kiri aadressil\u00a0<a href=\"https:\/\/facebook.com\/HookahShop.lt\/\" target=\"_blank\" rel=\"noopener noreferrer\">Facebooki konto<\/a>\u00a0ja vastame teie taotlusele samal p\u00e4eval.<\/p>","protected":false},"excerpt":{"rendered":"<p>Erakordse disaini ja kvaliteediga tass vesipiibu jaoks KALOUD Samsaris Vitria II Cup. See on valmistatud FDA (USA toidu- ja ravimiameti) heakskiidetud mittetoksilisest silikoonist, mis muudab tassi kasutamise ohutuks. V\u00e4ga lihtne pakkida ja puhastada. Tass ei n\u00f5ua t\u00e4iendava tihendi kasutamist, kuna on valmistatud silikoonist ja haakub suurep\u00e4raselt konksu k\u00fclge. Kas teil on k\u00fcsimusi? V\u00f5tke meiega \u00fchendust kontaktide lehel v\u00f5i [\u2026]<\/p>","protected":false},"featured_media":19971,"comment_status":"open","ping_status":"closed","template":"","meta":[],"_links":{"self":[{"href":"https:\/\/hookahshop.lt\/et\/wp-json\/wp\/v2\/product\/19970"}],"collection":[{"href":"https:\/\/hookahshop.lt\/et\/wp-json\/wp\/v2\/product"}],"about":[{"href":"https:\/\/hookahshop.lt\/et\/wp-json\/wp\/v2\/types\/product"}],"replies":[{"embeddable":true,"href":"https:\/\/hookahshop.lt\/et\/wp-json\/wp\/v2\/comments?post=19970"}],"version-history":[{"count":2,"href":"https:\/\/hookahshop.lt\/et\/wp-json\/wp\/v2\/product\/19970\/revisions"}],"predecessor-version":[{"id":22336,"href":"https:\/\/hookahshop.lt\/et\/wp-json\/wp\/v2\/product\/19970\/revisions\/22336"}],"wp:featuredmedia":[{"embeddable":true,"href":"https:\/\/hookahshop.lt\/et\/wp-json\/wp\/v2\/media\/19971"}],"wp:attachment":[{"href":"https:\/\/hookahshop.lt\/et\/wp-json\/wp\/v2\/media?parent=19970"}],"curies":[{"name":"wp","href":"https:\/\/api.w.org\/{rel}","templated":true}]}}