{"id":19974,"date":"2021-03-05T22:46:20","date_gmt":"2021-03-05T20:46:20","guid":{"rendered":"https:\/\/hookahshop.lt\/?post_type=product&#038;p=19974"},"modified":"2026-04-16T23:29:46","modified_gmt":"2026-04-16T20:29:46","slug":"znyples-kaljano-anglims-aladin-wing","status":"publish","type":"product","link":"https:\/\/hookahshop.lt\/et\/toode\/tangid-vesipiibu-aladin-wing\/","title":{"rendered":"Tangid vesipiibu ALADIN Wing"},"content":{"rendered":"<h2>Tangid vesipiibu ALADIN Wing<\/h2>\n<p>Eksootiline ja uuenduslik disain tagab tangide mitmekesisuse kodus. Ka tangide paksus ja materjal valiti teadlikult, et tagada maksimaalne stabiilsus. See on m\u00e4rgatav ka tangide kasutamisel, mida tuleb kasutada suurema j\u00f5uga kui tavalisi s\u00f6etange. Pikkus: 23 cm.<\/p>\n<p>Kas teil on k\u00fcsimusi? v\u00f5ta meiega \u00fchendust\u00a0<a href=\"https:\/\/hookahshop.lt\/et\/kontaktid\/\">kontaktide leht<\/a>\u00a0v\u00f5i saatke meile e-kiri aadressil\u00a0<a href=\"https:\/\/facebook.com\/HookahShop.lt\/\" target=\"_blank\" rel=\"noopener noreferrer\">Facebooki konto<\/a>\u00a0ja vastame teie taotlusele samal p\u00e4eval.<\/p>","protected":false},"excerpt":{"rendered":"<p>Tangid vesipiibu s\u00f6e jaoks ALADIN Wing Eksootiline ja uuenduslik disain tagab tangide mitmekesisuse kodus. Ka tangide paksus ja materjal valiti teadlikult, et tagada maksimaalne stabiilsus. See on m\u00e4rgatav ka tangide kasutamisel, mida tuleb kasutada suurema j\u00f5uga kui tavalisi s\u00f6etange. Pikkus: 23 cm. Kas teil on k\u00fcsimusi? V\u00f5tke meiega \u00fchendust kontaktide lehel v\u00f5i kirjutage [\u2026]<\/p>","protected":false},"featured_media":19975,"comment_status":"open","ping_status":"closed","template":"","meta":[],"_links":{"self":[{"href":"https:\/\/hookahshop.lt\/et\/wp-json\/wp\/v2\/product\/19974"}],"collection":[{"href":"https:\/\/hookahshop.lt\/et\/wp-json\/wp\/v2\/product"}],"about":[{"href":"https:\/\/hookahshop.lt\/et\/wp-json\/wp\/v2\/types\/product"}],"replies":[{"embeddable":true,"href":"https:\/\/hookahshop.lt\/et\/wp-json\/wp\/v2\/comments?post=19974"}],"version-history":[{"count":5,"href":"https:\/\/hookahshop.lt\/et\/wp-json\/wp\/v2\/product\/19974\/revisions"}],"predecessor-version":[{"id":45446,"href":"https:\/\/hookahshop.lt\/et\/wp-json\/wp\/v2\/product\/19974\/revisions\/45446"}],"wp:featuredmedia":[{"embeddable":true,"href":"https:\/\/hookahshop.lt\/et\/wp-json\/wp\/v2\/media\/19975"}],"wp:attachment":[{"href":"https:\/\/hookahshop.lt\/et\/wp-json\/wp\/v2\/media?parent=19974"}],"curies":[{"name":"wp","href":"https:\/\/api.w.org\/{rel}","templated":true}]}}