{"id":19978,"date":"2021-03-06T00:27:40","date_gmt":"2021-03-05T22:27:40","guid":{"rendered":"https:\/\/hookahshop.lt\/?post_type=product&#038;p=19978"},"modified":"2026-04-15T23:28:45","modified_gmt":"2026-04-15T20:28:45","slug":"kaljanas-alpha-hookah-s-dark-blue","status":"publish","type":"product","link":"https:\/\/hookahshop.lt\/et\/toode\/vesipiip-alpha-hookah-s-dark-blue\/","title":{"rendered":"Vesipiip ALPHA HOOKAH S Tumesinine"},"content":{"rendered":"<h2>Vesipiip ALPHA HOOKAH S Tumesinine<\/h2>\n<p>Alpha Hookah Model S, 2018. aasta John Calliano auhindade ja vesipiibu 2020. aasta vesipiibu n\u00e4itus.<\/p>\n<p>Keskendudes k\u00f5igi vesipiibuelementide kvaliteedile, loob Alpha Vesipiip minimalistliku kujunduse, kuid v\u00e4ga karismaatilised mudelid kodus ja kontoris kasutamiseks.<br \/>\nKui eelistate mitte ainult funktsionaalsust, vaid ka suitsetamistarvikute v\u00e4liseid eeliseid, tasub Alpha Hookah S osta. Iga seeria mudel v\u00f5ib saada klubi- v\u00f5i restoranisaali t\u00f5eliseks kaunistuseks ja sobib harmooniliselt kodutalu v\u00f5i linnakorteri suitsumaja siseviimistlusega.<\/p>\n<p>Omadused:<br \/>\n- K\u00f5rgus 500 mm<br \/>\n- Dekoratsioon valmistatud anodeeritud alumiiniumist, v\u00e4rvitud vastupidava v\u00e4rviga.<br \/>\n- Alus on valmistatud saksa pol\u00fcatsitaalist originaalse loputuss\u00fcsteemiga<br \/>\n- Eemaldatav difuusor<br \/>\n- Magnet\u00fchendus<\/p>\n<p><strong>Varustus:<\/strong><br \/>\nV\u00f5ll, plaat, voolik, huulik, tihendid.<\/p>\n<p>Kas teil on k\u00fcsimusi? v\u00f5ta meiega \u00fchendust\u00a0<a href=\"https:\/\/hookahshop.lt\/et\/kontaktid\/\">kontaktide leht<\/a>\u00a0v\u00f5i saatke meile e-kiri aadressil\u00a0<a href=\"https:\/\/facebook.com\/HookahShop.lt\/\" target=\"_blank\" rel=\"noopener noreferrer\">Facebooki konto<\/a>\u00a0ja vastame teie taotlusele samal p\u00e4eval.<\/p>\n<p>&nbsp;<\/p>","protected":false},"excerpt":{"rendered":"<p>Vesipiibu ALPHA HOOKAH S Tumesinise Alpha Vesipiibu mudel S, Aasta Vesipiip 2018. aasta John Calliano auhindade jagamisel ja 2020. aasta vesipiibuklubi n\u00e4itusel. Keskendudes k\u00f5ikide vesipiibu elementide kvaliteedile, loob Alpha Hookah minimalistlikke, kuid v\u00e4ga karismaatilisi mudeleid nii kodus kui kontoris kasutamiseks. Kui eelistate mitte ainult funktsionaalsust, vaid ka v\u00e4liseid suitsetamistarvikuid [\u2026]<\/p>","protected":false},"featured_media":19979,"comment_status":"open","ping_status":"closed","template":"","meta":[],"_links":{"self":[{"href":"https:\/\/hookahshop.lt\/et\/wp-json\/wp\/v2\/product\/19978"}],"collection":[{"href":"https:\/\/hookahshop.lt\/et\/wp-json\/wp\/v2\/product"}],"about":[{"href":"https:\/\/hookahshop.lt\/et\/wp-json\/wp\/v2\/types\/product"}],"replies":[{"embeddable":true,"href":"https:\/\/hookahshop.lt\/et\/wp-json\/wp\/v2\/comments?post=19978"}],"version-history":[{"count":5,"href":"https:\/\/hookahshop.lt\/et\/wp-json\/wp\/v2\/product\/19978\/revisions"}],"predecessor-version":[{"id":43310,"href":"https:\/\/hookahshop.lt\/et\/wp-json\/wp\/v2\/product\/19978\/revisions\/43310"}],"wp:featuredmedia":[{"embeddable":true,"href":"https:\/\/hookahshop.lt\/et\/wp-json\/wp\/v2\/media\/19979"}],"wp:attachment":[{"href":"https:\/\/hookahshop.lt\/et\/wp-json\/wp\/v2\/media?parent=19978"}],"curies":[{"name":"wp","href":"https:\/\/api.w.org\/{rel}","templated":true}]}}