{"id":20180,"date":"2021-03-07T00:43:24","date_gmt":"2021-03-06T22:43:24","guid":{"rendered":"https:\/\/hookahshop.lt\/?post_type=product&#038;p=20180"},"modified":"2026-04-18T23:28:53","modified_gmt":"2026-04-18T20:28:53","slug":"kandiklis-kaljanui-maklaud-dragon","status":"publish","type":"product","link":"https:\/\/hookahshop.lt\/et\/toode\/vesipiibu-huulik-maklaud-dragon\/","title":{"rendered":"Vesipiibu huulik MAKLAUD Dragon"},"content":{"rendered":"<h2>Vesipiibu huulik MAKLAUD Dragon<\/h2>\n<p>See on Maklaudi spetsiaalne roostevabast terasest huulik. See on valmistatud erilises stiilis, k\u00e4epideme mugava osaga kvaliteetsest nahast. Huulik n\u00e4eb v\u00e4lja luksuslik, on k\u00e4es v\u00e4ga mugav ja sobib suurep\u00e4raselt erinevatele vesipiipidele.<\/p>\n<p>Omadused:<br \/>\nHuuliku pikkus: 297 mm<br \/>\nHuuliku sisel\u00e4bim\u00f5\u00f5t: 9 mm<br \/>\nKaal: umbes 155 grammi<\/p>\n<p>Kas teil on k\u00fcsimusi? v\u00f5ta meiega \u00fchendust\u00a0<a href=\"https:\/\/hookahshop.lt\/et\/kontaktid\/\">kontaktide leht<\/a>\u00a0v\u00f5i saatke meile e-kiri aadressil\u00a0<a href=\"https:\/\/facebook.com\/HookahShop.lt\/\" target=\"_blank\" rel=\"noopener noreferrer\">Facebooki konto<\/a>\u00a0ja vastame teie taotlusele samal p\u00e4eval.<\/p>","protected":false},"excerpt":{"rendered":"<p>Vesipiip MAKLAUD Dragon See on Maklaudi spetsiaalne roostevabast terasest huulik. See on valmistatud erilises stiilis, k\u00e4epideme mugava osaga kvaliteetsest nahast. Huulik n\u00e4eb v\u00e4lja luksuslik, on k\u00e4es v\u00e4ga mugav ja sobib suurep\u00e4raselt erinevatele vesipiipidele. Omadused: Suuliku pikkus: 297 mm Suuliku sisel\u00e4bim\u00f5\u00f5t: 9 mm Kaal: umbes 155 grammi Kas teil on k\u00fcsimusi? V\u00f5tke \u00fchendust [\u2026]<\/p>","protected":false},"featured_media":20185,"comment_status":"open","ping_status":"closed","template":"","meta":[],"_links":{"self":[{"href":"https:\/\/hookahshop.lt\/et\/wp-json\/wp\/v2\/product\/20180"}],"collection":[{"href":"https:\/\/hookahshop.lt\/et\/wp-json\/wp\/v2\/product"}],"about":[{"href":"https:\/\/hookahshop.lt\/et\/wp-json\/wp\/v2\/types\/product"}],"replies":[{"embeddable":true,"href":"https:\/\/hookahshop.lt\/et\/wp-json\/wp\/v2\/comments?post=20180"}],"version-history":[{"count":3,"href":"https:\/\/hookahshop.lt\/et\/wp-json\/wp\/v2\/product\/20180\/revisions"}],"predecessor-version":[{"id":33270,"href":"https:\/\/hookahshop.lt\/et\/wp-json\/wp\/v2\/product\/20180\/revisions\/33270"}],"wp:featuredmedia":[{"embeddable":true,"href":"https:\/\/hookahshop.lt\/et\/wp-json\/wp\/v2\/media\/20185"}],"wp:attachment":[{"href":"https:\/\/hookahshop.lt\/et\/wp-json\/wp\/v2\/media?parent=20180"}],"curies":[{"name":"wp","href":"https:\/\/api.w.org\/{rel}","templated":true}]}}