{"id":20194,"date":"2021-03-07T01:30:11","date_gmt":"2021-03-06T23:30:11","guid":{"rendered":"https:\/\/hookahshop.lt\/?post_type=product&#038;p=20194"},"modified":"2026-04-14T23:29:01","modified_gmt":"2026-04-14T20:29:01","slug":"kandiklis-kaljanui-karma-yellow","status":"publish","type":"product","link":"https:\/\/hookahshop.lt\/et\/toode\/vesipiibu-huulik-karma-yellow\/","title":{"rendered":"Vesipiibu huulik KARMA Kollane"},"content":{"rendered":"<h2>Vesipiibu huulik KARMA Kollane<\/h2>\n<p>See on kombinatsioon T\u00fcrgi stiilist originaalse disainiga. Valmistatud toidukvaliteediga roostevabast terasest, sees on puidust p\u00e4hklipuust dekoor, mis on v\u00e4ljast kaetud kaitsva lakiga. T\u00e4nu mitmekihilisele kattele kestab see v\u00e4ga kaua ilma p\u00f5hiv\u00e4rvi muutmata. Ainulaadne disain ja tippkvaliteediga materjalid ei j\u00e4ta teid \u00fcksk\u00f5ikseks. Kaasas silikoonvoolik.<\/p>\n<p><strong>Omadused:<\/strong><br \/>\nHuuliku pikkus: 430 mm<br \/>\nSisemine huulik: 10 mm<br \/>\nVooliku pikkus: 150 mm<br \/>\nVooliku v\u00e4lisl\u00e4bim\u00f5\u00f5t: 17mm<br \/>\nVooliku sisel\u00e4bim\u00f5\u00f5t: 11mm<br \/>\nVoolik: pehme puudutus<br \/>\nSuuliku ja vooliku kaal: umbes 425 grammi<\/p>\n<p>Kas teil on k\u00fcsimusi? v\u00f5ta meiega \u00fchendust\u00a0<a href=\"https:\/\/hookahshop.lt\/et\/kontaktid\/\">kontaktide leht<\/a>\u00a0v\u00f5i saatke meile e-kiri aadressil\u00a0<a href=\"https:\/\/facebook.com\/HookahShop.lt\/\" target=\"_blank\" rel=\"noopener noreferrer\">Facebooki konto<\/a>\u00a0ja vastame teie taotlusele samal p\u00e4eval.<\/p>","protected":false},"excerpt":{"rendered":"<p>Vesipiibukonks KARMA Kollane See on kombinatsioon T\u00fcrgi stiilist originaalse disainiga. Valmistatud toidukvaliteediga roostevabast terasest, sees on puidust p\u00e4hklipuust dekoor, mis on v\u00e4ljast kaetud kaitsva lakiga. T\u00e4nu mitmekihilisele kattele kestab see v\u00e4ga kaua ilma p\u00f5hiv\u00e4rvi muutmata. Ainulaadne disain ja tippkvaliteediga materjalid ei j\u00e4ta teid \u00fcksk\u00f5ikseks. Kaasas silikoonvoolik. Omadused: Huuliku pikkus: 430 mm [\u2026]<\/p>","protected":false},"featured_media":20195,"comment_status":"open","ping_status":"closed","template":"","meta":[],"_links":{"self":[{"href":"https:\/\/hookahshop.lt\/et\/wp-json\/wp\/v2\/product\/20194"}],"collection":[{"href":"https:\/\/hookahshop.lt\/et\/wp-json\/wp\/v2\/product"}],"about":[{"href":"https:\/\/hookahshop.lt\/et\/wp-json\/wp\/v2\/types\/product"}],"replies":[{"embeddable":true,"href":"https:\/\/hookahshop.lt\/et\/wp-json\/wp\/v2\/comments?post=20194"}],"version-history":[{"count":4,"href":"https:\/\/hookahshop.lt\/et\/wp-json\/wp\/v2\/product\/20194\/revisions"}],"predecessor-version":[{"id":37129,"href":"https:\/\/hookahshop.lt\/et\/wp-json\/wp\/v2\/product\/20194\/revisions\/37129"}],"wp:featuredmedia":[{"embeddable":true,"href":"https:\/\/hookahshop.lt\/et\/wp-json\/wp\/v2\/media\/20195"}],"wp:attachment":[{"href":"https:\/\/hookahshop.lt\/et\/wp-json\/wp\/v2\/media?parent=20194"}],"curies":[{"name":"wp","href":"https:\/\/api.w.org\/{rel}","templated":true}]}}