{"id":20235,"date":"2021-03-07T22:45:58","date_gmt":"2021-03-07T20:45:58","guid":{"rendered":"https:\/\/hookahshop.lt\/?post_type=product&#038;p=20235"},"modified":"2026-04-14T23:29:10","modified_gmt":"2026-04-14T20:29:10","slug":"sirupo-gaudykle-blade-hookah-gold","status":"publish","type":"product","link":"https:\/\/hookahshop.lt\/et\/toode\/siirupiloks-blade-hookah-gold\/","title":{"rendered":"Siirupil\u00f5ks BLADE HOOKAH kuld"},"content":{"rendered":"<h2>Siirupil\u00f5ks BLADE HOOKAH kuld<\/h2>\n<p>See on iga vesipiibu asendamatu aksessuaar. Takistab tubakalehtede ja siirupi sattumist kolbi ja vesipiibu varre. Kaitseb kolbi kollaseks muutumise eest, mis on eriti oluline vesipiibu lauale serveerimisel. N\u00fc\u00fcd pole tassi vahetades vaja vesipiipu iga kord pesta, et eemaldada p\u00f5hjast siirup ja tubakalehed. Sisemine kanal on valmistatud alumiiniumist, ei ima l\u00f5hnu ega t\u00f5mbu kokku, erinevalt silikoonist.<\/p>\n<p><strong>Spetsifikatsioonid:<\/strong><br \/>\nK\u00f5rgus: 70 mm<br \/>\nL\u00e4bim\u00f5\u00f5t (v\u00e4limine): 50 mm<br \/>\nL\u00e4bim\u00f5\u00f5t (sisemine): 23 mm<br \/>\nKaal: umbes 100 gr<\/p>\n<p>Kas teil on k\u00fcsimusi? v\u00f5ta meiega \u00fchendust\u00a0<a href=\"https:\/\/hookahshop.lt\/et\/kontaktid\/\">kontaktide leht<\/a>\u00a0v\u00f5i saatke meile e-kiri aadressil\u00a0<a href=\"https:\/\/facebook.com\/HookahShop.lt\/\" target=\"_blank\" rel=\"noopener noreferrer\">Facebooki konto<\/a>\u00a0ja vastame teie taotlusele samal p\u00e4eval.<\/p>","protected":false},"excerpt":{"rendered":"<p>Siirupil\u00f5ks BLADE HOOKAH Gold See on iga vesipiibu asendamatu tarvik. V\u00e4ltige tubakalehtede ja siirupi sattumist kolbi ja vesipiibu auku. Kaitseb kolvis kollaseks muutumise eest, mis on eriti oluline vesipiibu lauale serveerimisel. N\u00fc\u00fcd pole tassi vahetades vaja vesipiipu iga kord pesta, et eemaldada p\u00f5hjast siirup ja tubakalehed. Sisemine kanal, mis on valmistatud [\u2026]<\/p>","protected":false},"featured_media":20383,"comment_status":"open","ping_status":"closed","template":"","meta":[],"_links":{"self":[{"href":"https:\/\/hookahshop.lt\/et\/wp-json\/wp\/v2\/product\/20235"}],"collection":[{"href":"https:\/\/hookahshop.lt\/et\/wp-json\/wp\/v2\/product"}],"about":[{"href":"https:\/\/hookahshop.lt\/et\/wp-json\/wp\/v2\/types\/product"}],"replies":[{"embeddable":true,"href":"https:\/\/hookahshop.lt\/et\/wp-json\/wp\/v2\/comments?post=20235"}],"version-history":[{"count":3,"href":"https:\/\/hookahshop.lt\/et\/wp-json\/wp\/v2\/product\/20235\/revisions"}],"predecessor-version":[{"id":23688,"href":"https:\/\/hookahshop.lt\/et\/wp-json\/wp\/v2\/product\/20235\/revisions\/23688"}],"wp:featuredmedia":[{"embeddable":true,"href":"https:\/\/hookahshop.lt\/et\/wp-json\/wp\/v2\/media\/20383"}],"wp:attachment":[{"href":"https:\/\/hookahshop.lt\/et\/wp-json\/wp\/v2\/media?parent=20235"}],"curies":[{"name":"wp","href":"https:\/\/api.w.org\/{rel}","templated":true}]}}