{"id":20239,"date":"2021-03-07T23:16:47","date_gmt":"2021-03-07T21:16:47","guid":{"rendered":"https:\/\/hookahshop.lt\/?post_type=product&#038;p=20239"},"modified":"2026-05-05T15:06:53","modified_gmt":"2026-05-05T12:06:53","slug":"kaljanas-honey-sigh-stick","status":"publish","type":"product","link":"https:\/\/hookahshop.lt\/et\/toode\/vesipiip-honey-sigh-stick\/","title":{"rendered":"Vesipiibu HONEY SIGH pulk"},"content":{"rendered":"<h2>Vesipiibu HONEY SIGH pulk<\/h2>\n<p>See on odav ja t\u00f6\u00f6kindel vesipiip, mis on valmistatud toidukvaliteediga roostevabast terasest AISI 304. K\u00f5ik vesipiibu osad on valmistatud terasest ja pol\u00fcatsetaalist. Honey Sigh Stick on t\u00e4isfunktsionaalne mudel, mis v\u00f5imaldab teil seda reisile kaasa v\u00f5tta v\u00f5i mugavalt oma kodus hoida.<\/p>\n<p id=\"tw-target-text\" class=\"tw-data-text tw-text-large XcVN5d tw-ta\" dir=\"ltr\" data-placeholder=\"Vertimas\"><strong>Omadused:<\/strong><br \/>\nVesipiibu kaal: umbes 940 gr<br \/>\nKonksu k\u00f5rgus: 520 mm<br \/>\nHuulik: roostevaba teras<br \/>\nHuuliku pikkus: 297 mm.<\/p>\n<p><strong>Varustus:<\/strong><\/p>\n<p>V\u00f5ll, huulik, plaat, voolik, tihendid<\/p>\n<p dir=\"ltr\" data-placeholder=\"Vertimas\">Kas teil on k\u00fcsimusi? v\u00f5ta meiega \u00fchendust\u00a0<a href=\"https:\/\/hookahshop.lt\/et\/kontaktid\/\">kontaktide leht<\/a>\u00a0v\u00f5i saatke meile e-kiri aadressil\u00a0<a href=\"https:\/\/facebook.com\/HookahShop.lt\/\" target=\"_blank\" rel=\"noopener noreferrer\">Facebooki konto<\/a>\u00a0ja vastame teie taotlusele samal p\u00e4eval.<\/p>","protected":false},"excerpt":{"rendered":"<p>Vesipiibu HONEY SIGH Stick See on odav ja t\u00f6\u00f6kindel vesipiip, mis on valmistatud toidukvaliteediga roostevabast terasest AISI 304. K\u00f5ik vesipiibu osad on valmistatud terasest ja pol\u00fcatsetaalist. Honey Sigh Stick on t\u00e4isfunktsionaalne mudel, mis v\u00f5imaldab teil seda reisile kaasa v\u00f5tta v\u00f5i mugavalt oma kodus hoida. Omadused: Vesipiibu kaal: umbes 940 gr Vesipiibu k\u00f5rgus: 520 mm Suuosa: roostevaba [\u2026]<\/p>","protected":false},"featured_media":20240,"comment_status":"open","ping_status":"closed","template":"","meta":[],"_links":{"self":[{"href":"https:\/\/hookahshop.lt\/et\/wp-json\/wp\/v2\/product\/20239"}],"collection":[{"href":"https:\/\/hookahshop.lt\/et\/wp-json\/wp\/v2\/product"}],"about":[{"href":"https:\/\/hookahshop.lt\/et\/wp-json\/wp\/v2\/types\/product"}],"replies":[{"embeddable":true,"href":"https:\/\/hookahshop.lt\/et\/wp-json\/wp\/v2\/comments?post=20239"}],"version-history":[{"count":6,"href":"https:\/\/hookahshop.lt\/et\/wp-json\/wp\/v2\/product\/20239\/revisions"}],"predecessor-version":[{"id":40046,"href":"https:\/\/hookahshop.lt\/et\/wp-json\/wp\/v2\/product\/20239\/revisions\/40046"}],"wp:featuredmedia":[{"embeddable":true,"href":"https:\/\/hookahshop.lt\/et\/wp-json\/wp\/v2\/media\/20240"}],"wp:attachment":[{"href":"https:\/\/hookahshop.lt\/et\/wp-json\/wp\/v2\/media?parent=20239"}],"curies":[{"name":"wp","href":"https:\/\/api.w.org\/{rel}","templated":true}]}}