{"id":20243,"date":"2021-03-08T00:13:46","date_gmt":"2021-03-07T22:13:46","guid":{"rendered":"https:\/\/hookahshop.lt\/?post_type=product&#038;p=20243"},"modified":"2026-05-05T15:06:53","modified_gmt":"2026-05-05T12:06:53","slug":"kaljanas-honey-sigh-urban-s","status":"publish","type":"product","link":"https:\/\/hookahshop.lt\/et\/toode\/vesipiip-honey-sigh-urban-s\/","title":{"rendered":"Vesipiip HONEY SIGH Urban S"},"content":{"rendered":"<h2>Vesipiip HONEY SIGH Urban S<\/h2>\n<p>Honey Sigh Urban S-il on suurep\u00e4rased j\u00f5udlus- ja suitsuomadused. See on valmistatud roostevabast terasest AISI 304. Sisseehitatud 5-pordiline puhastusventiil.<\/p>\n<p><strong>Omadused:<\/strong><br \/>\nVesipiibu kaal: umbes 1625 gr<br \/>\nVesipiibu k\u00f5rgus: 510 mm<br \/>\nSuuosa: graveeritud roostevaba teras<br \/>\nHuuliku pikkus: 297 mm.<\/p>\n<p>Kas teil on k\u00fcsimusi? v\u00f5ta meiega \u00fchendust\u00a0<a href=\"https:\/\/hookahshop.lt\/et\/kontaktid\/\">kontaktide leht<\/a>\u00a0v\u00f5i saatke meile e-kiri aadressil\u00a0<a href=\"https:\/\/facebook.com\/HookahShop.lt\/\" target=\"_blank\" rel=\"noopener noreferrer\">Facebooki konto<\/a>\u00a0ja vastame teie taotlusele samal p\u00e4eval.<\/p>","protected":false},"excerpt":{"rendered":"<p>Vesipiip HONEY SIGH Urban S Honey Sigh Urban S omab suurep\u00e4raseid j\u00f5udlus- ja suitsetamisomadusi. See on valmistatud roostevabast terasest AISI 304. Sisseehitatud 5-pordiline puhastusventiil. Omadused: Vesipiibu kaal: umbes 1625 gr Vesipiibu k\u00f5rgus: 510 mm Suuosa: graveeritud roostevaba teras Suuosa pikkus: 297 mm. Kas teil on k\u00fcsimusi? V\u00f5tke meiega \u00fchendust kontaktide lehel v\u00f5i kirjutage meile Facebookis [\u2026]<\/p>","protected":false},"featured_media":20244,"comment_status":"open","ping_status":"closed","template":"","meta":[],"_links":{"self":[{"href":"https:\/\/hookahshop.lt\/et\/wp-json\/wp\/v2\/product\/20243"}],"collection":[{"href":"https:\/\/hookahshop.lt\/et\/wp-json\/wp\/v2\/product"}],"about":[{"href":"https:\/\/hookahshop.lt\/et\/wp-json\/wp\/v2\/types\/product"}],"replies":[{"embeddable":true,"href":"https:\/\/hookahshop.lt\/et\/wp-json\/wp\/v2\/comments?post=20243"}],"version-history":[{"count":3,"href":"https:\/\/hookahshop.lt\/et\/wp-json\/wp\/v2\/product\/20243\/revisions"}],"predecessor-version":[{"id":40047,"href":"https:\/\/hookahshop.lt\/et\/wp-json\/wp\/v2\/product\/20243\/revisions\/40047"}],"wp:featuredmedia":[{"embeddable":true,"href":"https:\/\/hookahshop.lt\/et\/wp-json\/wp\/v2\/media\/20244"}],"wp:attachment":[{"href":"https:\/\/hookahshop.lt\/et\/wp-json\/wp\/v2\/media?parent=20243"}],"curies":[{"name":"wp","href":"https:\/\/api.w.org\/{rel}","templated":true}]}}