{"id":20352,"date":"2021-03-12T19:42:59","date_gmt":"2021-03-12T17:42:59","guid":{"rendered":"https:\/\/hookahshop.lt\/?post_type=product&#038;p=20352"},"modified":"2026-04-18T23:29:06","modified_gmt":"2026-04-18T20:29:06","slug":"taurele-kaljanui-oblako-mono-phunnel-m-glaze-black","status":"publish","type":"product","link":"https:\/\/hookahshop.lt\/et\/toode\/tass-vesipiip-oblako-mono-phunnel-m-glaze-black\/","title":{"rendered":"Tass vesipiibule OBLAKO Mono Phunnel M Glaze Black"},"content":{"rendered":"<h2>Tass vesipiibule OBLAKO Mono Phunnel M Glaze Black<\/h2>\n<p>See on ettev\u00f5tte OBALAKO uuendatud toode. Vihmaefektiga monoliitne glasuurtops.<\/p>\n<p>T\u00e4nu tassi madalale s\u00fcgavusele ja laiusele kuumeneb vesipiibusegu \u00fchtlaselt \u00fcle kogu ala, mis v\u00f5imaldab maksimaalset nikotiini \u00fclekandmist ja annab suitsetamisel maksimaalse tugevuse. Tass on valmistatud madala temperatuuriga v\u00e4rvilisest portselanist, t\u00f6\u00f6ala on kaetud valge glasuuriga.<\/p>\n<p>Tassit\u00e4is tubakat mahutab 18\u201321 g.<\/p>\n<p>Spetsifikatsioonid:<br \/>\nK\u00f5rgus: 114 mm<br \/>\nL\u00e4bim\u00f5\u00f5t (v\u00e4limine): 76 mm<br \/>\nL\u00e4bim\u00f5\u00f5t (sisemine): 70mm<br \/>\nS\u00fcgavus: 11mm<br \/>\nAva l\u00e4bim\u00f5\u00f5t: 11 mm<br \/>\nAukude arv: 1<br \/>\nKaal: umbes 194 g.<\/p>\n<p>Kas teil on k\u00fcsimusi? v\u00f5ta meiega \u00fchendust\u00a0<a href=\"https:\/\/hookahshop.lt\/et\/kontaktid\/\">kontaktide leht<\/a>\u00a0v\u00f5i saatke meile e-kiri aadressil\u00a0<a href=\"https:\/\/facebook.com\/HookahShop.lt\/\" target=\"_blank\" rel=\"noopener noreferrer\">Facebooki konto<\/a>\u00a0ja vastame teie taotlusele samal p\u00e4eval.<\/p>","protected":false},"excerpt":{"rendered":"<p>Vesipiibu tass OBLAKO Mono Phunnel M Glaze Black See on OBALAKO uuendatud toode. Vihmaefektiga monoliitne glasuurtops. T\u00e4nu tassi madalale s\u00fcgavusele ja laiusele kuumeneb vesipiibusegu \u00fchtlaselt kogu ala ulatuses, mis v\u00f5imaldab maksimaalset nikotiini \u00fclekandmist ja annab suitsetamisel maksimaalse tugevuse. Tass on valmistatud madala temperatuuriga v\u00e4rvilisest portselanist, t\u00f6\u00f6ala on kaetud valge [\u2026]<\/p>","protected":false},"featured_media":21286,"comment_status":"open","ping_status":"closed","template":"","meta":[],"_links":{"self":[{"href":"https:\/\/hookahshop.lt\/et\/wp-json\/wp\/v2\/product\/20352"}],"collection":[{"href":"https:\/\/hookahshop.lt\/et\/wp-json\/wp\/v2\/product"}],"about":[{"href":"https:\/\/hookahshop.lt\/et\/wp-json\/wp\/v2\/types\/product"}],"replies":[{"embeddable":true,"href":"https:\/\/hookahshop.lt\/et\/wp-json\/wp\/v2\/comments?post=20352"}],"version-history":[{"count":3,"href":"https:\/\/hookahshop.lt\/et\/wp-json\/wp\/v2\/product\/20352\/revisions"}],"predecessor-version":[{"id":29280,"href":"https:\/\/hookahshop.lt\/et\/wp-json\/wp\/v2\/product\/20352\/revisions\/29280"}],"wp:featuredmedia":[{"embeddable":true,"href":"https:\/\/hookahshop.lt\/et\/wp-json\/wp\/v2\/media\/21286"}],"wp:attachment":[{"href":"https:\/\/hookahshop.lt\/et\/wp-json\/wp\/v2\/media?parent=20352"}],"curies":[{"name":"wp","href":"https:\/\/api.w.org\/{rel}","templated":true}]}}