{"id":20369,"date":"2021-03-12T20:34:33","date_gmt":"2021-03-12T18:34:33","guid":{"rendered":"https:\/\/hookahshop.lt\/?post_type=product&#038;p=20369"},"modified":"2026-05-14T23:28:42","modified_gmt":"2026-05-14T20:28:42","slug":"individualus-kaljano-kandiklis-mattpear-persona","status":"publish","type":"product","link":"https:\/\/hookahshop.lt\/et\/toode\/individuaalne-vesipiibu-huulik-mattpear-persona\/","title":{"rendered":"Individuaalne vesipiibu huulik MATTPEAR Persona"},"content":{"rendered":"<h2>Individuaalne vesipiibu huulik MATTPEAR Persona<\/h2>\n<p>Valmistatud meditsiinilisest terasest, sellel on 11 mm sisel\u00e4bim\u00f5\u00f5duga silikoonist Softouch pistik. \u00dcksikhuulik koos musta nahkn\u00f6\u00f6riga on pakitud karpi.<\/p>\n<p>Spetsifikatsioon:<br \/>\nMaterjal: meditsiiniline teras<br \/>\nM\u00f5\u00f5dud: 7,5 cm x 1,5 cm<\/p>\n<p>Kas teil on k\u00fcsimusi? v\u00f5ta meiega \u00fchendust\u00a0<a href=\"https:\/\/hookahshop.lt\/et\/kontaktid\/\">kontaktide leht<\/a>\u00a0v\u00f5i saatke meile e-kiri aadressil\u00a0<a href=\"https:\/\/facebook.com\/HookahShop.lt\/\" target=\"_blank\" rel=\"noopener noreferrer\">Facebooki konto<\/a>\u00a0ja vastame teie taotlusele samal p\u00e4eval.<\/p>","protected":false},"excerpt":{"rendered":"<p>Individuaalne vesipiibu huulik MATTPEAR Persona Valmistatud meditsiinilisest terasest, sellel on silikoonist Softouch \u00fchendus sisel\u00e4bim\u00f5\u00f5duga 11 mm. \u00dcksikhuulik koos musta nahkn\u00f6\u00f6riga on pakitud karpi. Spetsifikatsioon: Materjal: Meditsiiniline teras M\u00f5\u00f5dud: 7,5 cm x 1,5 cm K\u00fcsimused? V\u00f5tke meiega \u00fchendust kontaktide lehel v\u00f5i kirjutage meile oma Facebooki kontole ja me vastame teie soovile [\u2026]<\/p>","protected":false},"featured_media":20370,"comment_status":"open","ping_status":"closed","template":"","meta":[],"_links":{"self":[{"href":"https:\/\/hookahshop.lt\/et\/wp-json\/wp\/v2\/product\/20369"}],"collection":[{"href":"https:\/\/hookahshop.lt\/et\/wp-json\/wp\/v2\/product"}],"about":[{"href":"https:\/\/hookahshop.lt\/et\/wp-json\/wp\/v2\/types\/product"}],"replies":[{"embeddable":true,"href":"https:\/\/hookahshop.lt\/et\/wp-json\/wp\/v2\/comments?post=20369"}],"version-history":[{"count":5,"href":"https:\/\/hookahshop.lt\/et\/wp-json\/wp\/v2\/product\/20369\/revisions"}],"predecessor-version":[{"id":29885,"href":"https:\/\/hookahshop.lt\/et\/wp-json\/wp\/v2\/product\/20369\/revisions\/29885"}],"wp:featuredmedia":[{"embeddable":true,"href":"https:\/\/hookahshop.lt\/et\/wp-json\/wp\/v2\/media\/20370"}],"wp:attachment":[{"href":"https:\/\/hookahshop.lt\/et\/wp-json\/wp\/v2\/media?parent=20369"}],"curies":[{"name":"wp","href":"https:\/\/api.w.org\/{rel}","templated":true}]}}