{"id":20391,"date":"2021-03-12T22:20:22","date_gmt":"2021-03-12T20:20:22","guid":{"rendered":"https:\/\/hookahshop.lt\/?post_type=product&#038;p=20391"},"modified":"2026-04-14T23:28:55","modified_gmt":"2026-04-14T20:28:55","slug":"kaljanas-nube-white-one","status":"publish","type":"product","link":"https:\/\/hookahshop.lt\/et\/toode\/vesipiip-nube-white-one\/","title":{"rendered":"Vesipiip NUBE White One"},"content":{"rendered":"<h2>Vesipiip NUBE White One<\/h2>\n<p>Vesipiip, mis vaevalt saaks olla ainulaadsem. Nube Unique Black One k\u00f5rge kvaliteet on valmistatud kergesti hooldatavatest ja kvaliteetsetest materjalidest nagu roostevaba teras ja pol\u00fcatsetaal.<\/p>\n<p>Ainulaadne v\u00e4ljalaskeklapp v\u00f5imaldab puhutud \u00f5hku suunata otse tassi, jahutades seda.<\/p>\n<p><strong>Varustus:<\/strong><br \/>\nV\u00f5ll, plaat, kateeter, silikoonvoolik (valge).<\/p>\n<p><img decoding=\"async\" loading=\"lazy\" class=\"alignnone size-medium wp-image-38521\" src=\"https:\/\/hookahshop.lt\/wp-content\/uploads\/2020\/09\/stiebas-zarna-kandiklis-1-300x273.jpg\" alt=\"- hookahshop.lt\" width=\"300\" height=\"273\" srcset=\"https:\/\/hookahshop.lt\/wp-content\/uploads\/2020\/09\/stiebas-zarna-kandiklis-1-300x273.jpg 300w, https:\/\/hookahshop.lt\/wp-content\/uploads\/2020\/09\/stiebas-zarna-kandiklis-1-13x12.jpg 13w, https:\/\/hookahshop.lt\/wp-content\/uploads\/2020\/09\/stiebas-zarna-kandiklis-1-64x58.jpg 64w, https:\/\/hookahshop.lt\/wp-content\/uploads\/2020\/09\/stiebas-zarna-kandiklis-1.jpg 420w\" sizes=\"(max-width: 300px) 100vw, 300px\" title=\"\"><\/p>\n<p><strong>Tehnilised kirjeldused:<\/strong><br \/>\n\u00dcldk\u00f5rgus: umbes 58 cm<br \/>\nMaterjal: roostevaba teras<br \/>\nValmistatud Venemaal<\/p>\n<p>Kas teil on k\u00fcsimusi? v\u00f5ta meiega \u00fchendust\u00a0<a href=\"https:\/\/hookahshop.lt\/et\/kontaktid\/\">kontaktide leht<\/a>\u00a0v\u00f5i saatke meile e-kiri aadressil\u00a0<a href=\"https:\/\/facebook.com\/HookahShop.lt\/\" target=\"_blank\" rel=\"noopener noreferrer\">Facebooki konto<\/a>\u00a0ja vastame teie taotlusele samal p\u00e4eval.<\/p>","protected":false},"excerpt":{"rendered":"<p>Vesipiip NUBE White One Hookah, mis vaevalt saaks olla ainulaadsem. Nube Unique Black One k\u00f5rge kvaliteet on valmistatud kergesti hooldatavatest ja kvaliteetsetest materjalidest nagu roostevaba teras ja pol\u00fcatsetaal. Unikaalne puhastusklapp v\u00f5imaldab puhutud \u00f5hu otse tassi suunata, jahutades seda seega. Tarnekomplekt: v\u00f5ll, plaat, ratas, silikoonvoolik (valge). Tehnilised andmed: \u00dcldine [\u2026]<\/p>","protected":false},"featured_media":20392,"comment_status":"open","ping_status":"closed","template":"","meta":[],"_links":{"self":[{"href":"https:\/\/hookahshop.lt\/et\/wp-json\/wp\/v2\/product\/20391"}],"collection":[{"href":"https:\/\/hookahshop.lt\/et\/wp-json\/wp\/v2\/product"}],"about":[{"href":"https:\/\/hookahshop.lt\/et\/wp-json\/wp\/v2\/types\/product"}],"replies":[{"embeddable":true,"href":"https:\/\/hookahshop.lt\/et\/wp-json\/wp\/v2\/comments?post=20391"}],"version-history":[{"count":6,"href":"https:\/\/hookahshop.lt\/et\/wp-json\/wp\/v2\/product\/20391\/revisions"}],"predecessor-version":[{"id":44485,"href":"https:\/\/hookahshop.lt\/et\/wp-json\/wp\/v2\/product\/20391\/revisions\/44485"}],"wp:featuredmedia":[{"embeddable":true,"href":"https:\/\/hookahshop.lt\/et\/wp-json\/wp\/v2\/media\/20392"}],"wp:attachment":[{"href":"https:\/\/hookahshop.lt\/et\/wp-json\/wp\/v2\/media?parent=20391"}],"curies":[{"name":"wp","href":"https:\/\/api.w.org\/{rel}","templated":true}]}}