{"id":20403,"date":"2021-03-12T23:06:20","date_gmt":"2021-03-12T21:06:20","guid":{"rendered":"https:\/\/hookahshop.lt\/?post_type=product&#038;p=20403"},"modified":"2026-04-19T23:28:56","modified_gmt":"2026-04-19T20:28:56","slug":"kaljanas-honey-sigh-urban-black","status":"publish","type":"product","link":"https:\/\/hookahshop.lt\/et\/toode\/vesipiip-honey-sigh-urban-black\/","title":{"rendered":"Vesipiip HONEY SIGH Urban Black"},"content":{"rendered":"<h2>Vesipiip HONEY SIGH Urban Black<\/h2>\n<p>Sellel on suurep\u00e4rased t\u00f6\u00f6- ja suitsetamisomadused. Kolvi t\u00f5hus vertikaalne loputamine. Atsetaalip\u00f5hi \u2013 vastupidav ja stiilne. Must kaunistus t\u00e4iendab t\u00e4iuslikult v\u00e4limust. V\u00e4ljapuhumiss\u00fcsteem koosneb 5 ventiilist, mille abil puhub suits esimest korda kolvist v\u00e4lja ning jahutab ka tassi.<\/p>\n<p><strong>Spetsifikatsioon:<\/strong><\/p>\n<p>Veoj\u00f5ud: klassikaline (ilma hajutita)<br \/>\nV\u00e4rvus must<br \/>\nVooliku pistik: O-r\u00f5ngas<br \/>\nPuhumisventiilid: 5 tk.<br \/>\nV\u00f5lliosa: roostevaba teras<\/p>\n<p><strong>Varustus:<\/strong><br \/>\nVarre (vars) 53 cm<br \/>\nPlaat 20 cm<br \/>\nHuulik<br \/>\nVooliku pistik<br \/>\nVoolik (Soft Touch)<br \/>\nTihendid (2 tk.)<br \/>\nPlastikust puhastusventiil (5 tk.)<br \/>\nKarp vesipiibu jaoks<\/p>\n<p>Kas teil on k\u00fcsimusi? v\u00f5ta meiega \u00fchendust\u00a0<a href=\"https:\/\/hookahshop.lt\/et\/kontaktid\/\">kontaktide leht<\/a>\u00a0v\u00f5i saatke meile e-kiri aadressil\u00a0<a href=\"https:\/\/facebook.com\/HookahShop.lt\/\" target=\"_blank\" rel=\"noopener noreferrer\">Facebooki konto<\/a>\u00a0ja vastame teie taotlusele samal p\u00e4eval.<\/p>","protected":false},"excerpt":{"rendered":"<p>Vesipiip HONEY SIGH Urban Black Sellel on suurep\u00e4rased t\u00f6\u00f6- ja suitsuomadused. Kolvi t\u00f5hus vertikaalne loputamine. Atsetaalip\u00f5hi \u2013 vastupidav ja stiilne. Must kaunistus t\u00e4iendab ideaalselt v\u00e4limust. V\u00e4ljapuhumiss\u00fcsteem koosneb 5 ventiilist, mille abil puhub suits esimest korda kolvist v\u00e4lja ning jahutab ka tassi. Spetsifikatsioon: Veoj\u00f5ud: Klassikaline (hajutita) V\u00e4rv: Must Vooliku\u00fchendus: O-r\u00f5ngas [\u2026]<\/p>","protected":false},"featured_media":20404,"comment_status":"open","ping_status":"closed","template":"","meta":[],"_links":{"self":[{"href":"https:\/\/hookahshop.lt\/et\/wp-json\/wp\/v2\/product\/20403"}],"collection":[{"href":"https:\/\/hookahshop.lt\/et\/wp-json\/wp\/v2\/product"}],"about":[{"href":"https:\/\/hookahshop.lt\/et\/wp-json\/wp\/v2\/types\/product"}],"replies":[{"embeddable":true,"href":"https:\/\/hookahshop.lt\/et\/wp-json\/wp\/v2\/comments?post=20403"}],"version-history":[{"count":5,"href":"https:\/\/hookahshop.lt\/et\/wp-json\/wp\/v2\/product\/20403\/revisions"}],"predecessor-version":[{"id":29613,"href":"https:\/\/hookahshop.lt\/et\/wp-json\/wp\/v2\/product\/20403\/revisions\/29613"}],"wp:featuredmedia":[{"embeddable":true,"href":"https:\/\/hookahshop.lt\/et\/wp-json\/wp\/v2\/media\/20404"}],"wp:attachment":[{"href":"https:\/\/hookahshop.lt\/et\/wp-json\/wp\/v2\/media?parent=20403"}],"curies":[{"name":"wp","href":"https:\/\/api.w.org\/{rel}","templated":true}]}}