{"id":20416,"date":"2021-03-12T23:52:14","date_gmt":"2021-03-12T21:52:14","guid":{"rendered":"https:\/\/hookahshop.lt\/?post_type=product&#038;p=20416"},"modified":"2026-04-15T12:28:45","modified_gmt":"2026-04-15T09:28:45","slug":"individualus-kaljano-kandiklis-japona-samurai-red","status":"publish","type":"product","link":"https:\/\/hookahshop.lt\/et\/toode\/individuaalne-vesipiibu-huulik-japona-samurai-red\/","title":{"rendered":"Individuaalne vesipiibu suu JAPONA Samurai Red"},"content":{"rendered":"<h2>Individuaalne vesipiibu suu JAPONA Samurai Red<\/h2>\n<p>Disainerhuulik, ehted, Ameerika akr\u00fc\u00fcl, pronkss\u00f5rmus #japona vesipiipuga ja medaljon samuraimaskiga. N\u00f6\u00f6r \u2013 tekstiil. Huuliku v\u00e4rvus on punane ja must.<\/p>\n<p>Kas teil on k\u00fcsimusi? v\u00f5ta meiega \u00fchendust\u00a0<a href=\"https:\/\/hookahshop.lt\/et\/kontaktid\/\">kontaktide leht<\/a>\u00a0v\u00f5i saatke meile e-kiri aadressil\u00a0<a href=\"https:\/\/facebook.com\/HookahShop.lt\/\" target=\"_blank\" rel=\"noopener noreferrer\">Facebooki konto<\/a>\u00a0ja vastame teie taotlusele samal p\u00e4eval.<\/p>","protected":false},"excerpt":{"rendered":"<p>Kohandatud vesipiibu huulik JAPONA Samurai Red Designer huulik, ehted, Ameerika akr\u00fc\u00fcl, pronkss\u00f5rmus #japona vesipiibuga ja medaljon samurai maskiga. N\u00f6\u00f6r \u2013 tekstiil. Huuliku v\u00e4rvus on punane ja must. Kas teil on k\u00fcsimusi? V\u00f5tke meiega \u00fchendust kontaktide lehel v\u00f5i kirjutage meile oma Facebooki kontol ja vastame teie p\u00e4ringule samal p\u00e4eval.<\/p>","protected":false},"featured_media":20417,"comment_status":"open","ping_status":"closed","template":"","meta":[],"_links":{"self":[{"href":"https:\/\/hookahshop.lt\/et\/wp-json\/wp\/v2\/product\/20416"}],"collection":[{"href":"https:\/\/hookahshop.lt\/et\/wp-json\/wp\/v2\/product"}],"about":[{"href":"https:\/\/hookahshop.lt\/et\/wp-json\/wp\/v2\/types\/product"}],"replies":[{"embeddable":true,"href":"https:\/\/hookahshop.lt\/et\/wp-json\/wp\/v2\/comments?post=20416"}],"version-history":[{"count":5,"href":"https:\/\/hookahshop.lt\/et\/wp-json\/wp\/v2\/product\/20416\/revisions"}],"predecessor-version":[{"id":37892,"href":"https:\/\/hookahshop.lt\/et\/wp-json\/wp\/v2\/product\/20416\/revisions\/37892"}],"wp:featuredmedia":[{"embeddable":true,"href":"https:\/\/hookahshop.lt\/et\/wp-json\/wp\/v2\/media\/20417"}],"wp:attachment":[{"href":"https:\/\/hookahshop.lt\/et\/wp-json\/wp\/v2\/media?parent=20416"}],"curies":[{"name":"wp","href":"https:\/\/api.w.org\/{rel}","templated":true}]}}