{"id":20425,"date":"2021-03-13T00:03:54","date_gmt":"2021-03-12T22:03:54","guid":{"rendered":"https:\/\/hookahshop.lt\/?post_type=product&#038;p=20425"},"modified":"2026-04-17T23:29:10","modified_gmt":"2026-04-17T20:29:10","slug":"individualus-kaljano-kandiklis-japona-beads-white","status":"publish","type":"product","link":"https:\/\/hookahshop.lt\/et\/toode\/individuaalne-vesipiibu-huulik-japona-beads-white\/","title":{"rendered":"Individuaalne vesipiibu huulik JAPAN Beads White"},"content":{"rendered":"<h2>Individuaalne vesipiibu huulik JAPAN Beads White<\/h2>\n<p>Disaineri loodud huulik, ehted, Ameerika akr\u00fc\u00fcl, pronksr\u00f5ngas #japonahookah ja medaljon samuraimaskiga. Helmed - puit, looduslik kivi. Huuliku v\u00e4rv - valge -must.<\/p>\n<p>Kas teil on k\u00fcsimusi? v\u00f5ta meiega \u00fchendust\u00a0<a href=\"https:\/\/hookahshop.lt\/et\/kontaktid\/\">kontaktide leht<\/a>\u00a0v\u00f5i saatke meile e-kiri aadressil\u00a0<a href=\"https:\/\/facebook.com\/HookahShop.lt\/\" target=\"_blank\" rel=\"noopener noreferrer\">Facebooki konto<\/a>\u00a0ja vastame teie taotlusele samal p\u00e4eval.<\/p>","protected":false},"excerpt":{"rendered":"<p>Kohandatud vesipiibu huulik JAPA Beads White Designer huulik, ehted, Ameerika akr\u00fc\u00fcl, pronkss\u00f5rmus #japona vesipiibuga ja medaljon samuraimaskiga. Helmed - puit, looduskivi. Huuliku v\u00e4rvus on valge ja must. Kas teil on k\u00fcsimusi? V\u00f5tke meiega \u00fchendust kontaktide lehel v\u00f5i kirjutage meile oma Facebooki kontol ja vastame teie p\u00e4ringule samal p\u00e4eval.<\/p>","protected":false},"featured_media":20426,"comment_status":"open","ping_status":"closed","template":"","meta":[],"_links":{"self":[{"href":"https:\/\/hookahshop.lt\/et\/wp-json\/wp\/v2\/product\/20425"}],"collection":[{"href":"https:\/\/hookahshop.lt\/et\/wp-json\/wp\/v2\/product"}],"about":[{"href":"https:\/\/hookahshop.lt\/et\/wp-json\/wp\/v2\/types\/product"}],"replies":[{"embeddable":true,"href":"https:\/\/hookahshop.lt\/et\/wp-json\/wp\/v2\/comments?post=20425"}],"version-history":[{"count":7,"href":"https:\/\/hookahshop.lt\/et\/wp-json\/wp\/v2\/product\/20425\/revisions"}],"predecessor-version":[{"id":44189,"href":"https:\/\/hookahshop.lt\/et\/wp-json\/wp\/v2\/product\/20425\/revisions\/44189"}],"wp:featuredmedia":[{"embeddable":true,"href":"https:\/\/hookahshop.lt\/et\/wp-json\/wp\/v2\/media\/20426"}],"wp:attachment":[{"href":"https:\/\/hookahshop.lt\/et\/wp-json\/wp\/v2\/media?parent=20425"}],"curies":[{"name":"wp","href":"https:\/\/api.w.org\/{rel}","templated":true}]}}