{"id":20450,"date":"2021-03-15T11:50:32","date_gmt":"2021-03-15T09:50:32","guid":{"rendered":"https:\/\/hookahshop.lt\/?post_type=product&#038;p=20450"},"modified":"2026-04-06T23:29:04","modified_gmt":"2026-04-06T20:29:04","slug":"kuprine-kaljanui-alpe","status":"publish","type":"product","link":"https:\/\/hookahshop.lt\/et\/toode\/kott-vesipiibu-alpe-48-cm\/","title":{"rendered":"Kott vesipiibu ALPE 48cm"},"content":{"rendered":"<h2>Kott vesipiibu ALPE 48cm<\/h2>\n<p>Mugaval seljakotil minipiibu transportimiseks on lahtrid, mida saab vastavalt soovile muuta.<\/p>\n<p>V\u00e4lism\u00f5\u00f5dud: 48 x 33 x 20 cm<br \/>\nSisem\u00f5\u00f5dud: 43 cm x 28 cm x 15 cm<br \/>\nKaal: 1kg<br \/>\nVihmakaitse: jah<\/p>\n<p>Kas teil on k\u00fcsimusi? v\u00f5ta meiega \u00fchendust\u00a0<a href=\"https:\/\/hookahshop.lt\/et\/kontaktid\/\">kontaktide leht<\/a>\u00a0v\u00f5i saatke meile e-kiri aadressil\u00a0<a href=\"https:\/\/facebook.com\/HookahShop.lt\/\" target=\"_blank\" rel=\"noopener noreferrer\">Facebooki konto<\/a>\u00a0ja vastame teie taotlusele samal p\u00e4eval.<\/p>","protected":false},"excerpt":{"rendered":"<p>Seljakott vesipiibu jaoks ALPE 48cm Mugaval seljakotil minipiibu transportimiseks on lahtrid, mida saab vastavalt soovile muuta. V\u00e4lism\u00f5\u00f5dud: 48 x 33 x 20 cm Sisemised m\u00f5\u00f5dud: 43 cm x 28 cm x 15 cm Kaal: 1kg Vihmakaitse: jah K\u00fcsimused? V\u00f5tke meiega \u00fchendust kontaktide lehel v\u00f5i kirjutage meile oma Facebooki kontol ja me vastame teie p\u00e4ringule l\u00e4hemalt [\u2026]<\/p>","protected":false},"featured_media":20455,"comment_status":"open","ping_status":"closed","template":"","meta":[],"_links":{"self":[{"href":"https:\/\/hookahshop.lt\/et\/wp-json\/wp\/v2\/product\/20450"}],"collection":[{"href":"https:\/\/hookahshop.lt\/et\/wp-json\/wp\/v2\/product"}],"about":[{"href":"https:\/\/hookahshop.lt\/et\/wp-json\/wp\/v2\/types\/product"}],"replies":[{"embeddable":true,"href":"https:\/\/hookahshop.lt\/et\/wp-json\/wp\/v2\/comments?post=20450"}],"version-history":[{"count":4,"href":"https:\/\/hookahshop.lt\/et\/wp-json\/wp\/v2\/product\/20450\/revisions"}],"predecessor-version":[{"id":26057,"href":"https:\/\/hookahshop.lt\/et\/wp-json\/wp\/v2\/product\/20450\/revisions\/26057"}],"wp:featuredmedia":[{"embeddable":true,"href":"https:\/\/hookahshop.lt\/et\/wp-json\/wp\/v2\/media\/20455"}],"wp:attachment":[{"href":"https:\/\/hookahshop.lt\/et\/wp-json\/wp\/v2\/media?parent=20450"}],"curies":[{"name":"wp","href":"https:\/\/api.w.org\/{rel}","templated":true}]}}