{"id":20459,"date":"2021-03-15T12:25:25","date_gmt":"2021-03-15T10:25:25","guid":{"rendered":"https:\/\/hookahshop.lt\/?post_type=product&#038;p=20459"},"modified":"2026-04-14T23:29:09","modified_gmt":"2026-04-14T20:29:09","slug":"krepsys-kaljanui-34cm","status":"publish","type":"product","link":"https:\/\/hookahshop.lt\/et\/toode\/kott-vesipiibu-34cm\/","title":{"rendered":"Kott vesipiibu 34cm"},"content":{"rendered":"<h2>Kott vesipiibu 34cm<\/h2>\n<p>Lihtne ja mugav vesipiibu transpordikott vesipiibu jaoks. Sees on v\u00f5imalus sektsioone muuta ja kohandada vastavalt teie vajadustele.<br \/>\nParim v\u00e4ike vesipiibu v\u00f5i vesipiibu tarvikute transportimiseks.<br \/>\nM\u00f5\u00f5dud: 34 x 22 x 17 cm<\/p>\n<p>Kas teil on k\u00fcsimusi? v\u00f5ta meiega \u00fchendust\u00a0<a href=\"https:\/\/hookahshop.lt\/et\/kontaktid\/\">kontaktide leht<\/a>\u00a0v\u00f5i saatke meile e-kiri aadressil\u00a0<a href=\"https:\/\/facebook.com\/HookahShop.lt\/\" target=\"_blank\" rel=\"noopener noreferrer\">Facebooki konto<\/a>\u00a0ja vastame teie taotlusele samal p\u00e4eval.<\/p>","protected":false},"excerpt":{"rendered":"<p>Vesipiibu kott 34cm Lihtne ja mugav vesipiibu transpordikott vesipiibu jaoks. Sees on v\u00f5imalus sektsioone muuta ja kohandada vastavalt teie vajadustele. Parim v\u00e4ike vesipiibu v\u00f5i vesipiibu tarvikute transportimiseks. M\u00f5\u00f5dud: 34 x 22 x 17 cm Kas on k\u00fcsimusi? V\u00f5tke meiega \u00fchendust kontaktide lehel v\u00f5i kirjutage meile oma Facebooki kontol ja vastame teie p\u00e4ringule samal p\u00e4eval.<\/p>","protected":false},"featured_media":20460,"comment_status":"open","ping_status":"closed","template":"","meta":[],"_links":{"self":[{"href":"https:\/\/hookahshop.lt\/et\/wp-json\/wp\/v2\/product\/20459"}],"collection":[{"href":"https:\/\/hookahshop.lt\/et\/wp-json\/wp\/v2\/product"}],"about":[{"href":"https:\/\/hookahshop.lt\/et\/wp-json\/wp\/v2\/types\/product"}],"replies":[{"embeddable":true,"href":"https:\/\/hookahshop.lt\/et\/wp-json\/wp\/v2\/comments?post=20459"}],"version-history":[{"count":3,"href":"https:\/\/hookahshop.lt\/et\/wp-json\/wp\/v2\/product\/20459\/revisions"}],"predecessor-version":[{"id":26056,"href":"https:\/\/hookahshop.lt\/et\/wp-json\/wp\/v2\/product\/20459\/revisions\/26056"}],"wp:featuredmedia":[{"embeddable":true,"href":"https:\/\/hookahshop.lt\/et\/wp-json\/wp\/v2\/media\/20460"}],"wp:attachment":[{"href":"https:\/\/hookahshop.lt\/et\/wp-json\/wp\/v2\/media?parent=20459"}],"curies":[{"name":"wp","href":"https:\/\/api.w.org\/{rel}","templated":true}]}}