{"id":20519,"date":"2021-03-18T22:57:13","date_gmt":"2021-03-18T20:57:13","guid":{"rendered":"https:\/\/hookahshop.lt\/?post_type=product&#038;p=20519"},"modified":"2026-04-15T12:28:57","modified_gmt":"2026-04-15T09:28:57","slug":"kaljanas-mexanika-smoke-steam-machine-mechanical-steel","status":"publish","type":"product","link":"https:\/\/hookahshop.lt\/et\/toode\/vesipiip-mexanika-smoke-steam-machine-mechanical-steel\/","title":{"rendered":"Vesipiip MEXANIKA suitsuauru masin, mehaaniline teras"},"content":{"rendered":"<h2>Vesipiip MEXANIKA suitsuauru masin, mehaaniline teras<\/h2>\n<p>Vesipiip (STM MS) on lihtne, kuid v\u00e4ga funktsionaalne, vastab t\u00e4ielikult k\u00f5ikidele kvaliteedistandarditele ja tekitab t\u00f5sist konkurentsi teistele sarnastele toodetele. \u00dcsna massiivne v\u00f5ll, millele on lasergraveeritud erinevad hammasrattad. See on valmistatud k\u00f5rgeima kvaliteediga roostevabast terasest.<\/p>\n<p><strong>Omadused:<\/strong><br \/>\nVesipiibu kaal: ~ 1370 gr.<br \/>\nKonksu k\u00f5rgus: 520 mm.<br \/>\nKasutatud materjal: roostevaba teras.<br \/>\nHajuti: eemaldatav keermega.<br \/>\nHuulik: roostevaba teras<br \/>\nHuuliku pikkus: 363 mm.<\/p>\n<p>Kas teil on k\u00fcsimusi? v\u00f5ta meiega \u00fchendust\u00a0<a href=\"https:\/\/hookahshop.lt\/et\/kontaktid\/\">kontaktide leht<\/a>\u00a0v\u00f5i saatke meile e-kiri aadressil\u00a0<a href=\"https:\/\/facebook.com\/HookahShop.lt\/\" target=\"_blank\" rel=\"noopener noreferrer\">Facebooki konto<\/a>\u00a0ja vastame teie taotlusele samal p\u00e4eval.<\/p>","protected":false},"excerpt":{"rendered":"<p>Vesipiip MEXANIKA Smoke Steam Machine Mechanical Steel Hookah (STM MS) on lihtne, kuid v\u00e4ga funktsionaalne vesipiip, mis vastab t\u00e4ielikult k\u00f5ikidele kvaliteedistandarditele ja tekitab t\u00f5sist konkurentsi teistele sarnastele toodetele. \u00dcsna massiivne v\u00f5ll, millele on lasergraveeritud erinevad hammasrattad. See on valmistatud k\u00f5rgeima kvaliteediga roostevabast terasest. Omadused: Vesipiibu kaal: ~ 1370 gr. Vesipiibu k\u00f5rgus: 520 [\u2026]<\/p>","protected":false},"featured_media":20520,"comment_status":"open","ping_status":"closed","template":"","meta":[],"_links":{"self":[{"href":"https:\/\/hookahshop.lt\/et\/wp-json\/wp\/v2\/product\/20519"}],"collection":[{"href":"https:\/\/hookahshop.lt\/et\/wp-json\/wp\/v2\/product"}],"about":[{"href":"https:\/\/hookahshop.lt\/et\/wp-json\/wp\/v2\/types\/product"}],"replies":[{"embeddable":true,"href":"https:\/\/hookahshop.lt\/et\/wp-json\/wp\/v2\/comments?post=20519"}],"version-history":[{"count":2,"href":"https:\/\/hookahshop.lt\/et\/wp-json\/wp\/v2\/product\/20519\/revisions"}],"predecessor-version":[{"id":20522,"href":"https:\/\/hookahshop.lt\/et\/wp-json\/wp\/v2\/product\/20519\/revisions\/20522"}],"wp:featuredmedia":[{"embeddable":true,"href":"https:\/\/hookahshop.lt\/et\/wp-json\/wp\/v2\/media\/20520"}],"wp:attachment":[{"href":"https:\/\/hookahshop.lt\/et\/wp-json\/wp\/v2\/media?parent=20519"}],"curies":[{"name":"wp","href":"https:\/\/api.w.org\/{rel}","templated":true}]}}