{"id":20523,"date":"2021-03-18T23:09:59","date_gmt":"2021-03-18T21:09:59","guid":{"rendered":"https:\/\/hookahshop.lt\/?post_type=product&#038;p=20523"},"modified":"2026-04-15T12:28:57","modified_gmt":"2026-04-15T09:28:57","slug":"kaljanas-mexanika-smoke-steam-machine-geometric-lines","status":"publish","type":"product","link":"https:\/\/hookahshop.lt\/et\/toode\/vesipiip-mexanika-smoke-steam-machine-geometric-lines\/","title":{"rendered":"Vesipiibu MEXANIKA suitsuauru masina geomeetrilised jooned"},"content":{"rendered":"<h2>Vesipiibu MEXANIKA suitsuauru masina geomeetrilised jooned<\/h2>\n<p>Vesipiip (STM A) vastab k\u00f5igile kvaliteedistandarditele ja sellel on parimad parameetrid, mis annavad kasutamisel ainult parima tunde. Seade on valmistatud kvaliteetsest roostevabast terasest, mis kestab palju aastaid, kaotamata oma kvaliteeti ja v\u00e4liseid omadusi. Vesipiibu v\u00e4limus on v\u00e4ga atraktiivne.<\/p>\n<p><strong>Omadused:<\/strong><br \/>\nVesipiibu kaal: ~ 1450 gr.<br \/>\nKonksu k\u00f5rgus: 520 mm.<br \/>\nKasutatud materjal: roostevaba teras.<br \/>\nHajuti: eemaldatav keermega.<br \/>\nSuuosa: roostevaba teras.<br \/>\nHuuliku pikkus: 363 mm.<\/p>\n<p>Kas teil on k\u00fcsimusi? v\u00f5ta meiega \u00fchendust\u00a0<a href=\"https:\/\/hookahshop.lt\/et\/kontaktid\/\">kontaktide leht<\/a>\u00a0v\u00f5i saatke meile e-kiri aadressil\u00a0<a href=\"https:\/\/facebook.com\/HookahShop.lt\/\" target=\"_blank\" rel=\"noopener noreferrer\">Facebooki konto<\/a>\u00a0ja vastame teie taotlusele samal p\u00e4eval.<\/p>","protected":false},"excerpt":{"rendered":"<p>Vesipiip MEXANIKA suitsuauru masina geomeetrilised jooned Vesipiip (STM A) vastab k\u00f5igile kvaliteedistandarditele ja sellel on parimad parameetrid, mis annavad teile ainult parima tunde. Seade on valmistatud kvaliteetsest roostevabast terasest, mis kestab palju aastaid, kaotamata oma kvaliteeti ja v\u00e4liseid omadusi. Vesipiibu v\u00e4limus on v\u00e4ga atraktiivne. Omadused: Vesipiibu kaal: ~ 1450 gr. Vesipiibu k\u00f5rgus: 520 [\u2026]<\/p>","protected":false},"featured_media":20524,"comment_status":"open","ping_status":"closed","template":"","meta":[],"_links":{"self":[{"href":"https:\/\/hookahshop.lt\/et\/wp-json\/wp\/v2\/product\/20523"}],"collection":[{"href":"https:\/\/hookahshop.lt\/et\/wp-json\/wp\/v2\/product"}],"about":[{"href":"https:\/\/hookahshop.lt\/et\/wp-json\/wp\/v2\/types\/product"}],"replies":[{"embeddable":true,"href":"https:\/\/hookahshop.lt\/et\/wp-json\/wp\/v2\/comments?post=20523"}],"version-history":[{"count":2,"href":"https:\/\/hookahshop.lt\/et\/wp-json\/wp\/v2\/product\/20523\/revisions"}],"predecessor-version":[{"id":20526,"href":"https:\/\/hookahshop.lt\/et\/wp-json\/wp\/v2\/product\/20523\/revisions\/20526"}],"wp:featuredmedia":[{"embeddable":true,"href":"https:\/\/hookahshop.lt\/et\/wp-json\/wp\/v2\/media\/20524"}],"wp:attachment":[{"href":"https:\/\/hookahshop.lt\/et\/wp-json\/wp\/v2\/media?parent=20523"}],"curies":[{"name":"wp","href":"https:\/\/api.w.org\/{rel}","templated":true}]}}